{"id":13377,"date":"2023-06-20T17:35:20","date_gmt":"2023-06-21T00:35:20","guid":{"rendered":"https:\/\/www.danielstark.com\/gracias\/"},"modified":"2023-10-19T10:51:22","modified_gmt":"2023-10-19T17:51:22","slug":"gracias","status":"publish","type":"page","link":"https:\/\/www.danielstark.com\/es\/gracias\/","title":{"rendered":"Gracias"},"content":{"rendered":"<div data-elementor-type=\"wp-page\" data-elementor-id=\"13377\" class=\"elementor elementor-13377\" data-elementor-post-type=\"page\">\n\t\t\t\t\t\t<section class=\"elementor-section elementor-top-section elementor-element elementor-element-a66bb98 elementor-section-full_width fluid-section elementor-reverse-mobile elementor-section-height-default elementor-section-height-default\" data-id=\"a66bb98\" data-element_type=\"section\" data-e-type=\"section\" data-settings=\"{&quot;background_background&quot;:&quot;classic&quot;}\">\n\t\t\t\t\t\t<div class=\"elementor-container elementor-column-gap-default\">\n\t\t\t\t\t<div class=\"elementor-column elementor-col-50 elementor-top-column elementor-element elementor-element-30fde33\" data-id=\"30fde33\" data-element_type=\"column\" data-e-type=\"column\">\n\t\t\t<div class=\"elementor-widget-wrap elementor-element-populated\">\n\t\t\t\t\t\t<div class=\"elementor-element elementor-element-e30482e elementor-widget elementor-widget-heading\" data-id=\"e30482e\" data-element_type=\"widget\" data-e-type=\"widget\" data-widget_type=\"heading.default\">\n\t\t\t\t<div class=\"elementor-widget-container\">\n\t\t\t\t\t<h2 class=\"elementor-heading-title elementor-size-default\"><span class=\"orange-text\">Gracias por<\/span><br>\ncontactar con nosotros<\/h2>\t\t\t\t<\/div>\n\t\t\t\t<\/div>\n\t\t\t\t<div class=\"elementor-element elementor-element-16e4f58 elementor-widget elementor-widget-text-editor\" data-id=\"16e4f58\" data-element_type=\"widget\" data-e-type=\"widget\" data-widget_type=\"text-editor.default\">\n\t\t\t\t<div class=\"elementor-widget-container\">\n\t\t\t\t\t\t\t\t\t<p>Un mensaje de confirmaci\u00f3n est\u00e1 en camino a la direcci\u00f3n de correo electr\u00f3nico que proporcion\u00f3, y un miembro de nuestro equipo se comunicar\u00e1 con usted en breve para analizar lo que sucedi\u00f3 y averiguar si podemos ayudarlo.<\/p>\t\t\t\t\t\t\t\t<\/div>\n\t\t\t\t<\/div>\n\t\t\t\t<div class=\"elementor-element elementor-element-5f4671f elementor-widget elementor-widget-text-editor\" data-id=\"5f4671f\" data-element_type=\"widget\" data-e-type=\"widget\" data-widget_type=\"text-editor.default\">\n\t\t\t\t<div class=\"elementor-widget-container\">\n\t\t\t\t\t\t\t\t\t<p>Si necesita asistencia inmediata, llame a nuestro equipo legal las 24 horas, los 7 d\u00edas de la semana al<\/p>\t\t\t\t\t\t\t\t<\/div>\n\t\t\t\t<\/div>\n\t\t\t\t<div class=\"elementor-element elementor-element-bce6baa tel-text elementor-widget elementor-widget-text-editor\" data-id=\"bce6baa\" data-element_type=\"widget\" data-e-type=\"widget\" data-widget_type=\"text-editor.default\">\n\t\t\t\t<div class=\"elementor-widget-container\">\n\t\t\t\t\t\t\t\t\t<p class=\"p1\"><a href=\"tel: (800) 474-1233.\">(800) 474-1233.<\/a><\/p>\t\t\t\t\t\t\t\t<\/div>\n\t\t\t\t<\/div>\n\t\t\t\t\t<\/div>\n\t\t<\/div>\n\t\t\t\t<div class=\"elementor-column elementor-col-50 elementor-top-column elementor-element elementor-element-91832ce\" data-id=\"91832ce\" data-element_type=\"column\" data-e-type=\"column\">\n\t\t\t<div class=\"elementor-widget-wrap elementor-element-populated\">\n\t\t\t\t\t\t<div class=\"elementor-element elementor-element-2f34e20 elementor-hidden-desktop elementor-hidden-tablet elementor-widget elementor-widget-image\" data-id=\"2f34e20\" data-element_type=\"widget\" data-e-type=\"widget\" data-widget_type=\"image.default\">\n\t\t\t\t<div class=\"elementor-widget-container\">\n\t\t\t\t\t\t\t\t\t\t\t\t\t\t\t<img fetchpriority=\"high\" decoding=\"async\" width=\"834\" height=\"1024\" src=\"https:\/\/www.danielstark.com\/wp-content\/uploads\/2023\/05\/ty-mob-img-01-834x1024.jpg\" class=\"attachment-large size-large wp-image-1563\" alt=\"Thank You Background\" srcset=\"https:\/\/www.danielstark.com\/wp-content\/uploads\/2023\/05\/ty-mob-img-01-834x1024.jpg 834w, https:\/\/www.danielstark.com\/wp-content\/uploads\/2023\/05\/ty-mob-img-01-244x300.jpg 244w, https:\/\/www.danielstark.com\/wp-content\/uploads\/2023\/05\/ty-mob-img-01-768x943.jpg 768w, https:\/\/www.danielstark.com\/wp-content\/uploads\/2023\/05\/ty-mob-img-01.jpg 880w\" sizes=\"(max-width: 834px) 100vw, 834px\" \/>\t\t\t\t\t\t\t\t\t\t\t\t\t\t\t<\/div>\n\t\t\t\t<\/div>\n\t\t\t\t\t<\/div>\n\t\t<\/div>\n\t\t\t\t\t<\/div>\n\t\t<\/section>\n\t\t\t\t<\/div>","protected":false},"excerpt":{"rendered":"<p>Gracias por contactar con nosotras Un mensaje de confirmaci\u00f3n est\u00e1 en camino a la direcci\u00f3n de correo electr\u00f3nico que proporcion\u00f3, y un miembro de nuestro equipo se comunicar\u00e1 con usted en breve para analizar lo que sucedi\u00f3 y averiguar si podemos ayudarlo. Si necesita asistencia inmediata, llame a nuestro equipo legal las 24 horas, los [&hellip;]<\/p>\n","protected":false},"author":1,"featured_media":0,"parent":0,"menu_order":0,"comment_status":"closed","ping_status":"closed","template":"elementor_header_footer","meta":{"_acf_changed":false,"_genesis_hide_title":false,"_genesis_hide_breadcrumbs":false,"_genesis_hide_singular_image":false,"_genesis_hide_footer_widgets":false,"_genesis_custom_body_class":"","_genesis_custom_post_class":"","_genesis_layout":"","footnotes":""},"class_list":{"0":"post-13377","1":"page","2":"type-page","3":"status-publish","5":"entry"},"acf":[],"yoast_head":"<!-- This site is optimized with the Yoast SEO Premium plugin v27.5 (Yoast SEO v27.5) - https:\/\/yoast.com\/product\/yoast-seo-premium-wordpress\/ -->\n<title>Gracias | Daniel Stark Injury Lawyers<\/title>\n<meta name=\"robots\" content=\"index, follow, max-snippet:-1, max-image-preview:large, max-video-preview:-1\" \/>\n<link rel=\"canonical\" href=\"https:\/\/www.danielstark.com\/es\/gracias\/\" \/>\n<meta property=\"og:locale\" content=\"es_MX\" \/>\n<meta property=\"og:type\" content=\"article\" \/>\n<meta property=\"og:title\" content=\"Gracias\" \/>\n<meta property=\"og:description\" content=\"Gracias por contactar con nosotras Un mensaje de confirmaci\u00f3n est\u00e1 en camino a la direcci\u00f3n de correo electr\u00f3nico que proporcion\u00f3, y un miembro de nuestro equipo se comunicar\u00e1 con usted en breve para analizar lo que sucedi\u00f3 y averiguar si podemos ayudarlo. Si necesita asistencia inmediata, llame a nuestro equipo legal las 24 horas, los [&hellip;]\" \/>\n<meta property=\"og:url\" content=\"https:\/\/www.danielstark.com\/es\/gracias\/\" \/>\n<meta property=\"og:site_name\" content=\"Daniel Stark Injury Lawyers\" \/>\n<meta property=\"article:publisher\" content=\"https:\/\/www.facebook.com\/DanielStarkLaw\" \/>\n<meta property=\"article:modified_time\" content=\"2023-10-19T17:51:22+00:00\" \/>\n<meta property=\"og:image\" content=\"https:\/\/www.danielstark.com\/wp-content\/uploads\/2023\/06\/OpenGraph-Image.jpg\" \/><meta property=\"og:image\" content=\"https:\/\/www.danielstark.com\/wp-content\/uploads\/2023\/05\/ty-mob-img-01-834x1024.jpg\" \/>\n<meta name=\"twitter:card\" content=\"summary_large_image\" \/>\n<meta name=\"twitter:image\" content=\"\/wp-content\/uploads\/2023\/06\/OpenGraph-Image.jpg\" \/>\n<meta name=\"twitter:label1\" content=\"Est. reading time\" \/>\n\t<meta name=\"twitter:data1\" content=\"1 minuto\" \/>\n<script type=\"application\/ld+json\" class=\"yoast-schema-graph\">{\"@context\":\"https:\\\/\\\/schema.org\",\"@graph\":[{\"@type\":\"WebPage\",\"@id\":\"https:\\\/\\\/www.danielstark.com\\\/gracias\\\/\",\"url\":\"https:\\\/\\\/www.danielstark.com\\\/gracias\\\/\",\"name\":\"Gracias | Daniel Stark Injury Lawyers\",\"isPartOf\":{\"@id\":\"https:\\\/\\\/www.danielstark.com\\\/#website\"},\"primaryImageOfPage\":{\"@id\":\"https:\\\/\\\/www.danielstark.com\\\/gracias\\\/#primaryimage\"},\"image\":{\"@id\":\"https:\\\/\\\/www.danielstark.com\\\/gracias\\\/#primaryimage\"},\"thumbnailUrl\":\"https:\\\/\\\/www.danielstark.com\\\/wp-content\\\/uploads\\\/2023\\\/05\\\/ty-mob-img-01-834x1024.jpg\",\"datePublished\":\"2023-06-21T00:35:20+00:00\",\"dateModified\":\"2023-10-19T17:51:22+00:00\",\"breadcrumb\":{\"@id\":\"https:\\\/\\\/www.danielstark.com\\\/gracias\\\/#breadcrumb\"},\"inLanguage\":\"es\",\"potentialAction\":[{\"@type\":\"ReadAction\",\"target\":[\"https:\\\/\\\/www.danielstark.com\\\/gracias\\\/\"]}]},{\"@type\":\"ImageObject\",\"inLanguage\":\"es\",\"@id\":\"https:\\\/\\\/www.danielstark.com\\\/gracias\\\/#primaryimage\",\"url\":\"https:\\\/\\\/www.danielstark.com\\\/wp-content\\\/uploads\\\/2023\\\/05\\\/ty-mob-img-01-834x1024.jpg\",\"contentUrl\":\"https:\\\/\\\/www.danielstark.com\\\/wp-content\\\/uploads\\\/2023\\\/05\\\/ty-mob-img-01-834x1024.jpg\"},{\"@type\":\"BreadcrumbList\",\"@id\":\"https:\\\/\\\/www.danielstark.com\\\/gracias\\\/#breadcrumb\",\"itemListElement\":[{\"@type\":\"ListItem\",\"position\":1,\"name\":\"Home\",\"item\":\"https:\\\/\\\/www.danielstark.com\\\/\"},{\"@type\":\"ListItem\",\"position\":2,\"name\":\"Gracias\"}]},{\"@type\":\"WebSite\",\"@id\":\"https:\\\/\\\/www.danielstark.com\\\/#website\",\"url\":\"https:\\\/\\\/www.danielstark.com\\\/\",\"name\":\"Daniel Stark Injury Lawyers\",\"description\":\"\",\"publisher\":{\"@id\":\"https:\\\/\\\/www.danielstark.com\\\/#organization\"},\"potentialAction\":[{\"@type\":\"SearchAction\",\"target\":{\"@type\":\"EntryPoint\",\"urlTemplate\":\"https:\\\/\\\/www.danielstark.com\\\/?s={search_term_string}\"},\"query-input\":{\"@type\":\"PropertyValueSpecification\",\"valueRequired\":true,\"valueName\":\"search_term_string\"}}],\"inLanguage\":\"es\"},{\"@type\":\"Organization\",\"@id\":\"https:\\\/\\\/www.danielstark.com\\\/#organization\",\"name\":\"Daniel Stark Injury Lawyers\",\"url\":\"https:\\\/\\\/www.danielstark.com\\\/\",\"logo\":{\"@type\":\"ImageObject\",\"inLanguage\":\"es\",\"@id\":\"https:\\\/\\\/www.danielstark.com\\\/#\\\/schema\\\/logo\\\/image\\\/\",\"url\":\"https:\\\/\\\/www.danielstark.com\\\/wp-content\\\/uploads\\\/2023\\\/05\\\/blog-logo.png\",\"contentUrl\":\"https:\\\/\\\/www.danielstark.com\\\/wp-content\\\/uploads\\\/2023\\\/05\\\/blog-logo.png\",\"width\":78,\"height\":77,\"caption\":\"Daniel Stark Injury Lawyers\"},\"image\":{\"@id\":\"https:\\\/\\\/www.danielstark.com\\\/#\\\/schema\\\/logo\\\/image\\\/\"},\"sameAs\":[\"https:\\\/\\\/www.facebook.com\\\/DanielStarkLaw\",\"https:\\\/\\\/www.instagram.com\\\/danielstarklaw\\\/\",\"https:\\\/\\\/www.youtube.com\\\/Danielstarklaw\",\"https:\\\/\\\/www.linkedin.com\\\/company\\\/daniel-stark-injury-lawyers\"]}]}<\/script>\n<!-- \/ Yoast SEO Premium plugin. -->","yoast_head_json":{"title":"Gracias | Daniel Stark Injury Lawyers","robots":{"index":"index","follow":"follow","max-snippet":"max-snippet:-1","max-image-preview":"max-image-preview:large","max-video-preview":"max-video-preview:-1"},"canonical":"https:\/\/www.danielstark.com\/es\/gracias\/","og_locale":"es_MX","og_type":"article","og_title":"Gracias","og_description":"Gracias por contactar con nosotras Un mensaje de confirmaci\u00f3n est\u00e1 en camino a la direcci\u00f3n de correo electr\u00f3nico que proporcion\u00f3, y un miembro de nuestro equipo se comunicar\u00e1 con usted en breve para analizar lo que sucedi\u00f3 y averiguar si podemos ayudarlo. Si necesita asistencia inmediata, llame a nuestro equipo legal las 24 horas, los [&hellip;]","og_url":"https:\/\/www.danielstark.com\/es\/gracias\/","og_site_name":"Daniel Stark Injury Lawyers","article_publisher":"https:\/\/www.facebook.com\/DanielStarkLaw","article_modified_time":"2023-10-19T17:51:22+00:00","og_image":[{"url":"https:\/\/www.danielstark.com\/wp-content\/uploads\/2023\/06\/OpenGraph-Image.jpg","type":"","width":"","height":""},{"url":"https:\/\/www.danielstark.com\/wp-content\/uploads\/2023\/05\/ty-mob-img-01-834x1024.jpg","type":"","width":"","height":""}],"twitter_card":"summary_large_image","twitter_image":"\/wp-content\/uploads\/2023\/06\/OpenGraph-Image.jpg","twitter_misc":{"Est. reading time":"1 minuto"},"schema":{"@context":"https:\/\/schema.org","@graph":[{"@type":"WebPage","@id":"https:\/\/www.danielstark.com\/gracias\/","url":"https:\/\/www.danielstark.com\/gracias\/","name":"Gracias | Daniel Stark Injury Lawyers","isPartOf":{"@id":"https:\/\/www.danielstark.com\/#website"},"primaryImageOfPage":{"@id":"https:\/\/www.danielstark.com\/gracias\/#primaryimage"},"image":{"@id":"https:\/\/www.danielstark.com\/gracias\/#primaryimage"},"thumbnailUrl":"https:\/\/www.danielstark.com\/wp-content\/uploads\/2023\/05\/ty-mob-img-01-834x1024.jpg","datePublished":"2023-06-21T00:35:20+00:00","dateModified":"2023-10-19T17:51:22+00:00","breadcrumb":{"@id":"https:\/\/www.danielstark.com\/gracias\/#breadcrumb"},"inLanguage":"es","potentialAction":[{"@type":"ReadAction","target":["https:\/\/www.danielstark.com\/gracias\/"]}]},{"@type":"ImageObject","inLanguage":"es","@id":"https:\/\/www.danielstark.com\/gracias\/#primaryimage","url":"https:\/\/www.danielstark.com\/wp-content\/uploads\/2023\/05\/ty-mob-img-01-834x1024.jpg","contentUrl":"https:\/\/www.danielstark.com\/wp-content\/uploads\/2023\/05\/ty-mob-img-01-834x1024.jpg"},{"@type":"BreadcrumbList","@id":"https:\/\/www.danielstark.com\/gracias\/#breadcrumb","itemListElement":[{"@type":"ListItem","position":1,"name":"Home","item":"https:\/\/www.danielstark.com\/"},{"@type":"ListItem","position":2,"name":"Gracias"}]},{"@type":"WebSite","@id":"https:\/\/www.danielstark.com\/#website","url":"https:\/\/www.danielstark.com\/","name":"Abogados de lesiones personales de Daniel Stark","description":"","publisher":{"@id":"https:\/\/www.danielstark.com\/#organization"},"potentialAction":[{"@type":"SearchAction","target":{"@type":"EntryPoint","urlTemplate":"https:\/\/www.danielstark.com\/?s={search_term_string}"},"query-input":{"@type":"PropertyValueSpecification","valueRequired":true,"valueName":"search_term_string"}}],"inLanguage":"es"},{"@type":"Organization","@id":"https:\/\/www.danielstark.com\/#organization","name":"Abogados de lesiones personales de Daniel Stark","url":"https:\/\/www.danielstark.com\/","logo":{"@type":"ImageObject","inLanguage":"es","@id":"https:\/\/www.danielstark.com\/#\/schema\/logo\/image\/","url":"https:\/\/www.danielstark.com\/wp-content\/uploads\/2023\/05\/blog-logo.png","contentUrl":"https:\/\/www.danielstark.com\/wp-content\/uploads\/2023\/05\/blog-logo.png","width":78,"height":77,"caption":"Daniel Stark Injury Lawyers"},"image":{"@id":"https:\/\/www.danielstark.com\/#\/schema\/logo\/image\/"},"sameAs":["https:\/\/www.facebook.com\/DanielStarkLaw","https:\/\/www.instagram.com\/danielstarklaw\/","https:\/\/www.youtube.com\/Danielstarklaw","https:\/\/www.linkedin.com\/company\/daniel-stark-injury-lawyers"]}]}},"_links":{"self":[{"href":"https:\/\/www.danielstark.com\/es\/wp-json\/wp\/v2\/pages\/13377","targetHints":{"allow":["GET"]}}],"collection":[{"href":"https:\/\/www.danielstark.com\/es\/wp-json\/wp\/v2\/pages"}],"about":[{"href":"https:\/\/www.danielstark.com\/es\/wp-json\/wp\/v2\/types\/page"}],"author":[{"embeddable":true,"href":"https:\/\/www.danielstark.com\/es\/wp-json\/wp\/v2\/users\/1"}],"replies":[{"embeddable":true,"href":"https:\/\/www.danielstark.com\/es\/wp-json\/wp\/v2\/comments?post=13377"}],"version-history":[{"count":0,"href":"https:\/\/www.danielstark.com\/es\/wp-json\/wp\/v2\/pages\/13377\/revisions"}],"wp:attachment":[{"href":"https:\/\/www.danielstark.com\/es\/wp-json\/wp\/v2\/media?parent=13377"}],"curies":[{"name":"wp","href":"https:\/\/api.w.org\/{rel}","templated":true}]}}