{"id":14023,"date":"2023-10-23T13:15:19","date_gmt":"2023-10-23T20:15:19","guid":{"rendered":"https:\/\/www.danielstark.com\/?page_id=14023"},"modified":"2024-08-29T11:47:48","modified_gmt":"2024-08-29T18:47:48","slug":"halloweentown","status":"publish","type":"page","link":"https:\/\/www.danielstark.com\/es\/community\/halloweentown\/","title":{"rendered":"Halloweentown &#8211; 2023"},"content":{"rendered":"<div data-elementor-type=\"wp-page\" data-elementor-id=\"14023\" class=\"elementor elementor-14023\" data-elementor-post-type=\"page\">\n\t\t\t\t\t\t<section class=\"elementor-section elementor-top-section elementor-element elementor-element-3606227 elementor-section-full_width fluid-section elementor-section-height-default elementor-section-height-default\" data-id=\"3606227\" data-element_type=\"section\" data-e-type=\"section\" data-settings=\"{&quot;background_background&quot;:&quot;classic&quot;}\">\n\t\t\t\t\t\t<div class=\"elementor-container elementor-column-gap-default\">\n\t\t\t\t\t<div class=\"elementor-column elementor-col-50 elementor-top-column elementor-element elementor-element-ea1e4c4\" data-id=\"ea1e4c4\" data-element_type=\"column\" data-e-type=\"column\">\n\t\t\t<div class=\"elementor-widget-wrap elementor-element-populated\">\n\t\t\t\t\t\t<div class=\"elementor-element elementor-element-a1a486f elementor-widget elementor-widget-heading\" data-id=\"a1a486f\" data-element_type=\"widget\" data-e-type=\"widget\" data-widget_type=\"heading.default\">\n\t\t\t\t<div class=\"elementor-widget-container\">\n\t\t\t\t\t<h1 class=\"elementor-heading-title elementor-size-default\">Halloweentown<\/h1>\t\t\t\t<\/div>\n\t\t\t\t<\/div>\n\t\t\t\t<div class=\"elementor-element elementor-element-0472fa9 elementor-widget elementor-widget-heading\" data-id=\"0472fa9\" data-element_type=\"widget\" data-e-type=\"widget\" data-widget_type=\"heading.default\">\n\t\t\t\t<div class=\"elementor-widget-container\">\n\t\t\t\t\t<h2 class=\"elementor-heading-title elementor-size-default\">\u00bfTe tomaste una foto en nuestro stand durante el evento de Halloweentown de Bryan? \u00a1Aqu\u00ed te explicamos c\u00f3mo acceder a tus fotos grupales! <\/h2>\t\t\t\t<\/div>\n\t\t\t\t<\/div>\n\t\t\t\t<div class=\"elementor-element elementor-element-041f814 elementor-align-left elementor-widget__width-initial site-btn elementor-widget-mobile__width-inherit elementor-widget elementor-widget-button\" data-id=\"041f814\" data-element_type=\"widget\" data-e-type=\"widget\" data-widget_type=\"button.default\">\n\t\t\t\t<div class=\"elementor-widget-container\">\n\t\t\t\t\t\t\t\t\t<div class=\"elementor-button-wrapper\">\n\t\t\t\t\t<a class=\"elementor-button elementor-button-link elementor-size-sm\" href=\"#signup\">\n\t\t\t\t\t\t<span class=\"elementor-button-content-wrapper\">\n\t\t\t\t\t\t<span class=\"elementor-button-icon\">\n\t\t\t\t<svg xmlns=\"http:\/\/www.w3.org\/2000\/svg\" width=\"9\" height=\"15\" viewbox=\"0 0 9 15\" fill=\"none\"><path d=\"M1.76179 0.904099C1.37127 0.513575 0.738105 0.513575 0.347581 0.904099C-0.0429436 1.29462 -0.0429436 1.92779 0.347581 2.31831L5.64047 7.61121L0.347581 12.9041C-0.0429436 13.2946 -0.0429436 13.9278 0.347581 14.3183C0.738105 14.7088 1.37127 14.7088 1.76179 14.3183L7.76179 8.31831C8.15232 7.92779 8.15232 7.29462 7.76179 6.9041L1.76179 0.904099Z\" fill=\"white\"><\/path><\/svg>\t\t\t<\/span>\n\t\t\t\t\t\t\t\t\t<span class=\"elementor-button-text\">RECLAMA TUS FOTOS<\/span>\n\t\t\t\t\t<\/span>\n\t\t\t\t\t<\/a>\n\t\t\t\t<\/div>\n\t\t\t\t\t\t\t\t<\/div>\n\t\t\t\t<\/div>\n\t\t\t\t\t<\/div>\n\t\t<\/div>\n\t\t\t\t<div class=\"elementor-column elementor-col-50 elementor-top-column elementor-element elementor-element-99c94b3\" data-id=\"99c94b3\" data-element_type=\"column\" data-e-type=\"column\">\n\t\t\t<div class=\"elementor-widget-wrap elementor-element-populated\">\n\t\t\t\t\t\t<div class=\"elementor-element elementor-element-47b19db elementor-hidden-desktop elementor-hidden-tablet elementor-widget elementor-widget-image\" data-id=\"47b19db\" data-element_type=\"widget\" data-e-type=\"widget\" data-widget_type=\"image.default\">\n\t\t\t\t<div class=\"elementor-widget-container\">\n\t\t\t\t\t\t\t\t\t\t\t\t\t\t\t<img fetchpriority=\"high\" decoding=\"async\" width=\"2560\" height=\"1707\" src=\"https:\/\/www.danielstark.com\/wp-content\/uploads\/2023\/10\/shutterstock_1173608629-scaled.jpg\" class=\"attachment-full size-full wp-image-14019\" alt=\"\" srcset=\"https:\/\/www.danielstark.com\/wp-content\/uploads\/2023\/10\/shutterstock_1173608629-scaled.jpg 2560w, https:\/\/www.danielstark.com\/wp-content\/uploads\/2023\/10\/shutterstock_1173608629-300x200.jpg 300w, https:\/\/www.danielstark.com\/wp-content\/uploads\/2023\/10\/shutterstock_1173608629-1024x683.jpg 1024w, https:\/\/www.danielstark.com\/wp-content\/uploads\/2023\/10\/shutterstock_1173608629-768x512.jpg 768w, https:\/\/www.danielstark.com\/wp-content\/uploads\/2023\/10\/shutterstock_1173608629-1536x1024.jpg 1536w, https:\/\/www.danielstark.com\/wp-content\/uploads\/2023\/10\/shutterstock_1173608629-2048x1365.jpg 2048w\" sizes=\"(max-width: 2560px) 100vw, 2560px\" \/>\t\t\t\t\t\t\t\t\t\t\t\t\t\t\t<\/div>\n\t\t\t\t<\/div>\n\t\t\t\t\t<\/div>\n\t\t<\/div>\n\t\t\t\t\t<\/div>\n\t\t<\/section>\n\t\t\t\t<section class=\"elementor-section elementor-top-section elementor-element elementor-element-200f562 elementor-section-full_width fluid-row elementor-section-height-default elementor-section-height-default\" data-id=\"200f562\" data-element_type=\"section\" data-e-type=\"section\">\n\t\t\t\t\t\t<div class=\"elementor-container elementor-column-gap-default\">\n\t\t\t\t\t<div class=\"elementor-column elementor-col-100 elementor-top-column elementor-element elementor-element-e6a7463\" data-id=\"e6a7463\" data-element_type=\"column\" data-e-type=\"column\">\n\t\t\t<div class=\"elementor-widget-wrap elementor-element-populated\">\n\t\t\t\t\t\t<div class=\"elementor-element elementor-element-b38b737 elementor-widget elementor-widget-text-editor\" data-id=\"b38b737\" data-element_type=\"widget\" data-e-type=\"widget\" data-widget_type=\"text-editor.default\">\n\t\t\t\t<div class=\"elementor-widget-container\">\n\t\t\t\t\t\t\t\t\t<p>We had a blast capturing all your spooktacular moments at Bryan&#8217;s Halloweentown event on Friday, October 27th! If you, your family, or friends struck a pose in our photobooth, don&#8217;t miss out on your chance to access your group photos.<\/p><p>Simplemente proporcione su informaci\u00f3n de contacto en el formulario a continuaci\u00f3n y le enviaremos un correo electr\u00f3nico con un enlace para descargar sus fotograf\u00edas profesionales de alta calidad.<\/p><p>Thank you for joining us at Halloweentown 2023!<\/p><p>Para recibir un correo electr\u00f3nico con un enlace para descargar sus fotos, proporcione su informaci\u00f3n de contacto y correo electr\u00f3nico en el formulario a continuaci\u00f3n.<\/p><p><i>By filling out the form, you give consent to have your photos included in our Halloweentown 2023 event photo gallery. Please note that other photo booth participants will also have access to view the gallery.<\/i><\/p>\t\t\t\t\t\t\t\t<\/div>\n\t\t\t\t<\/div>\n\t\t\t\t\t<\/div>\n\t\t<\/div>\n\t\t\t\t\t<\/div>\n\t\t<\/section>\n\t\t\t\t<section class=\"elementor-section elementor-top-section elementor-element elementor-element-8049112 elementor-section-full_width form-section fluid-section elementor-section-height-default elementor-section-height-default\" data-id=\"8049112\" data-element_type=\"section\" data-e-type=\"section\" id=\"signup\" data-settings=\"{&quot;background_background&quot;:&quot;classic&quot;}\">\n\t\t\t\t\t\t<div class=\"elementor-container elementor-column-gap-default\">\n\t\t\t\t\t<div class=\"elementor-column elementor-col-100 elementor-top-column elementor-element elementor-element-7e81ef7\" data-id=\"7e81ef7\" data-element_type=\"column\" data-e-type=\"column\">\n\t\t\t<div class=\"elementor-widget-wrap elementor-element-populated\">\n\t\t\t\t\t\t<section class=\"elementor-section elementor-inner-section elementor-element elementor-element-80417c6 elementor-section-full_width elementor-section-height-default elementor-section-height-default\" data-id=\"80417c6\" data-element_type=\"section\" data-e-type=\"section\" data-settings=\"{&quot;background_background&quot;:&quot;classic&quot;}\">\n\t\t\t\t\t\t<div class=\"elementor-container elementor-column-gap-default\">\n\t\t\t\t\t<div class=\"elementor-column elementor-col-100 elementor-inner-column elementor-element elementor-element-7656fe1\" data-id=\"7656fe1\" data-element_type=\"column\" data-e-type=\"column\">\n\t\t\t<div class=\"elementor-widget-wrap elementor-element-populated\">\n\t\t\t\t\t\t<div class=\"elementor-element elementor-element-77f96b0 form-headline elementor-widget elementor-widget-heading\" data-id=\"77f96b0\" data-element_type=\"widget\" data-e-type=\"widget\" data-widget_type=\"heading.default\">\n\t\t\t\t<div class=\"elementor-widget-container\">\n\t\t\t\t\t<h2 class=\"elementor-heading-title elementor-size-default\">Recibe fotos de Halloweentown<\/h2>\t\t\t\t<\/div>\n\t\t\t\t<\/div>\n\t\t\t\t<div class=\"elementor-element elementor-element-9e116d3 form-headline elementor-widget elementor-widget-heading\" data-id=\"9e116d3\" data-element_type=\"widget\" data-e-type=\"widget\" data-widget_type=\"heading.default\">\n\t\t\t\t<div class=\"elementor-widget-container\">\n\t\t\t\t\t<h2 class=\"elementor-heading-title elementor-size-default\"> \u00a1Aqu\u00ed te explicamos c\u00f3mo acceder a tus fotos de grupo!<\/h2>\t\t\t\t<\/div>\n\t\t\t\t<\/div>\n\t\t\t\t<div class=\"elementor-element elementor-element-e86a8e0 subscriber-form elementor-widget elementor-widget-shortcode\" data-id=\"e86a8e0\" data-element_type=\"widget\" data-e-type=\"widget\" data-widget_type=\"shortcode.default\">\n\t\t\t\t<div class=\"elementor-widget-container\">\n\t\t\t\t\t\t\t<div class=\"elementor-shortcode\"><\/div>\n\t\t\t\t\t\t<\/div>\n\t\t\t\t<\/div>\n\t\t\t\t\t<\/div>\n\t\t<\/div>\n\t\t\t\t\t<\/div>\n\t\t<\/section>\n\t\t\t\t\t<\/div>\n\t\t<\/div>\n\t\t\t\t\t<\/div>\n\t\t<\/section>\n\t\t\t\t<\/div>","protected":false},"excerpt":{"rendered":"<p>Halloweentown Did you have your photo taken at our booth during Bryan&#8217;s Halloweentown event? Here&#8217;s how to access your group photos! CLAIM YOUR PHOTOS We had a blast capturing all your spooktacular moments at Bryan&#8217;s Halloweentown event on Friday, October 27th! If you, your family, or friends struck a pose in our photobooth, don&#8217;t miss [&hellip;]<\/p>\n","protected":false},"author":19,"featured_media":0,"parent":59,"menu_order":0,"comment_status":"closed","ping_status":"closed","template":"elementor_header_footer","meta":{"_acf_changed":false,"_genesis_hide_title":false,"_genesis_hide_breadcrumbs":false,"_genesis_hide_singular_image":false,"_genesis_hide_footer_widgets":false,"_genesis_custom_body_class":"","_genesis_custom_post_class":"","_genesis_layout":"","footnotes":""},"class_list":{"0":"post-14023","1":"page","2":"type-page","3":"status-publish","5":"entry"},"acf":[],"yoast_head":"<!-- This site is optimized with the Yoast SEO Premium plugin v27.5 (Yoast SEO v27.5) - https:\/\/yoast.com\/product\/yoast-seo-premium-wordpress\/ -->\n<title>Halloweentown Downtown Bryan | Daniel Stark Community Support<\/title>\n<meta name=\"description\" content=\"Did you have your photo taken at our booth during Bryan&#039;s Halloweentown event? Here&#039;s how to access your group photos!\" \/>\n<meta name=\"robots\" content=\"index, follow, max-snippet:-1, max-image-preview:large, max-video-preview:-1\" \/>\n<link rel=\"canonical\" href=\"https:\/\/www.danielstark.com\/es\/community\/halloweentown\/\" \/>\n<meta property=\"og:locale\" content=\"es_MX\" \/>\n<meta property=\"og:type\" content=\"article\" \/>\n<meta property=\"og:title\" content=\"Halloweentown - 2023\" \/>\n<meta property=\"og:description\" content=\"Did you have your photo taken at our booth during Bryan&#039;s Halloweentown event? Here&#039;s how to access your group photos!\" \/>\n<meta property=\"og:url\" content=\"https:\/\/www.danielstark.com\/es\/community\/halloweentown\/\" \/>\n<meta property=\"og:site_name\" content=\"Daniel Stark Injury Lawyers\" \/>\n<meta property=\"article:publisher\" content=\"https:\/\/www.facebook.com\/DanielStarkLaw\" \/>\n<meta property=\"article:modified_time\" content=\"2024-08-29T18:47:48+00:00\" \/>\n<meta property=\"og:image\" content=\"https:\/\/www.danielstark.com\/wp-content\/uploads\/2023\/06\/OpenGraph-Image.jpg\" \/><meta property=\"og:image\" content=\"https:\/\/www.danielstark.com\/wp-content\/uploads\/2023\/10\/shutterstock_1173608629-scaled.jpg\" \/>\n<meta name=\"twitter:card\" content=\"summary_large_image\" \/>\n<meta name=\"twitter:image\" content=\"\/wp-content\/uploads\/2023\/06\/OpenGraph-Image.jpg\" \/>\n<meta name=\"twitter:label1\" content=\"Est. reading time\" \/>\n\t<meta name=\"twitter:data1\" content=\"2 minutos\" \/>\n<script type=\"application\/ld+json\" class=\"yoast-schema-graph\">{\"@context\":\"https:\\\/\\\/schema.org\",\"@graph\":[{\"@type\":\"WebPage\",\"@id\":\"https:\\\/\\\/www.danielstark.com\\\/community\\\/halloweentown\\\/\",\"url\":\"https:\\\/\\\/www.danielstark.com\\\/community\\\/halloweentown\\\/\",\"name\":\"Halloweentown Downtown Bryan | Daniel Stark Community Support\",\"isPartOf\":{\"@id\":\"https:\\\/\\\/www.danielstark.com\\\/#website\"},\"primaryImageOfPage\":{\"@id\":\"https:\\\/\\\/www.danielstark.com\\\/community\\\/halloweentown\\\/#primaryimage\"},\"image\":{\"@id\":\"https:\\\/\\\/www.danielstark.com\\\/community\\\/halloweentown\\\/#primaryimage\"},\"thumbnailUrl\":\"https:\\\/\\\/www.danielstark.com\\\/wp-content\\\/uploads\\\/2023\\\/10\\\/shutterstock_1173608629-scaled.jpg\",\"datePublished\":\"2023-10-23T20:15:19+00:00\",\"dateModified\":\"2024-08-29T18:47:48+00:00\",\"description\":\"Did you have your photo taken at our booth during Bryan's Halloweentown event? Here's how to access your group photos!\",\"breadcrumb\":{\"@id\":\"https:\\\/\\\/www.danielstark.com\\\/community\\\/halloweentown\\\/#breadcrumb\"},\"inLanguage\":\"es\",\"potentialAction\":[{\"@type\":\"ReadAction\",\"target\":[\"https:\\\/\\\/www.danielstark.com\\\/community\\\/halloweentown\\\/\"]}]},{\"@type\":\"ImageObject\",\"inLanguage\":\"es\",\"@id\":\"https:\\\/\\\/www.danielstark.com\\\/community\\\/halloweentown\\\/#primaryimage\",\"url\":\"https:\\\/\\\/www.danielstark.com\\\/wp-content\\\/uploads\\\/2023\\\/10\\\/shutterstock_1173608629-scaled.jpg\",\"contentUrl\":\"https:\\\/\\\/www.danielstark.com\\\/wp-content\\\/uploads\\\/2023\\\/10\\\/shutterstock_1173608629-scaled.jpg\"},{\"@type\":\"BreadcrumbList\",\"@id\":\"https:\\\/\\\/www.danielstark.com\\\/community\\\/halloweentown\\\/#breadcrumb\",\"itemListElement\":[{\"@type\":\"ListItem\",\"position\":1,\"name\":\"Home\",\"item\":\"https:\\\/\\\/www.danielstark.com\\\/\"},{\"@type\":\"ListItem\",\"position\":2,\"name\":\"Community\",\"item\":\"https:\\\/\\\/www.danielstark.com\\\/community\\\/\"},{\"@type\":\"ListItem\",\"position\":3,\"name\":\"Halloweentown &#8211; 2023\"}]},{\"@type\":\"WebSite\",\"@id\":\"https:\\\/\\\/www.danielstark.com\\\/#website\",\"url\":\"https:\\\/\\\/www.danielstark.com\\\/\",\"name\":\"Daniel Stark Injury Lawyers\",\"description\":\"\",\"publisher\":{\"@id\":\"https:\\\/\\\/www.danielstark.com\\\/#organization\"},\"potentialAction\":[{\"@type\":\"SearchAction\",\"target\":{\"@type\":\"EntryPoint\",\"urlTemplate\":\"https:\\\/\\\/www.danielstark.com\\\/?s={search_term_string}\"},\"query-input\":{\"@type\":\"PropertyValueSpecification\",\"valueRequired\":true,\"valueName\":\"search_term_string\"}}],\"inLanguage\":\"es\"},{\"@type\":\"Organization\",\"@id\":\"https:\\\/\\\/www.danielstark.com\\\/#organization\",\"name\":\"Daniel Stark Injury Lawyers\",\"url\":\"https:\\\/\\\/www.danielstark.com\\\/\",\"logo\":{\"@type\":\"ImageObject\",\"inLanguage\":\"es\",\"@id\":\"https:\\\/\\\/www.danielstark.com\\\/#\\\/schema\\\/logo\\\/image\\\/\",\"url\":\"https:\\\/\\\/www.danielstark.com\\\/wp-content\\\/uploads\\\/2023\\\/05\\\/blog-logo.png\",\"contentUrl\":\"https:\\\/\\\/www.danielstark.com\\\/wp-content\\\/uploads\\\/2023\\\/05\\\/blog-logo.png\",\"width\":78,\"height\":77,\"caption\":\"Daniel Stark Injury Lawyers\"},\"image\":{\"@id\":\"https:\\\/\\\/www.danielstark.com\\\/#\\\/schema\\\/logo\\\/image\\\/\"},\"sameAs\":[\"https:\\\/\\\/www.facebook.com\\\/DanielStarkLaw\",\"https:\\\/\\\/www.instagram.com\\\/danielstarklaw\\\/\",\"https:\\\/\\\/www.youtube.com\\\/Danielstarklaw\",\"https:\\\/\\\/www.linkedin.com\\\/company\\\/daniel-stark-injury-lawyers\"]}]}<\/script>\n<!-- \/ Yoast SEO Premium plugin. -->","yoast_head_json":{"title":"Halloweentown Downtown Bryan | Daniel Stark Community Support","description":"\u00bfTe tomaste una foto en nuestro stand durante el evento de Halloweentown de Bryan? \u00a1Aqu\u00ed te explicamos c\u00f3mo acceder a tus fotos grupales!","robots":{"index":"index","follow":"follow","max-snippet":"max-snippet:-1","max-image-preview":"max-image-preview:large","max-video-preview":"max-video-preview:-1"},"canonical":"https:\/\/www.danielstark.com\/es\/community\/halloweentown\/","og_locale":"es_MX","og_type":"article","og_title":"Halloweentown - 2023","og_description":"Did you have your photo taken at our booth during Bryan's Halloweentown event? Here's how to access your group photos!","og_url":"https:\/\/www.danielstark.com\/es\/community\/halloweentown\/","og_site_name":"Daniel Stark Injury Lawyers","article_publisher":"https:\/\/www.facebook.com\/DanielStarkLaw","article_modified_time":"2024-08-29T18:47:48+00:00","og_image":[{"url":"https:\/\/www.danielstark.com\/wp-content\/uploads\/2023\/06\/OpenGraph-Image.jpg","type":"","width":"","height":""},{"url":"https:\/\/www.danielstark.com\/wp-content\/uploads\/2023\/10\/shutterstock_1173608629-scaled.jpg","type":"","width":"","height":""}],"twitter_card":"summary_large_image","twitter_image":"\/wp-content\/uploads\/2023\/06\/OpenGraph-Image.jpg","twitter_misc":{"Est. reading time":"2 minutos"},"schema":{"@context":"https:\/\/schema.org","@graph":[{"@type":"WebPage","@id":"https:\/\/www.danielstark.com\/community\/halloweentown\/","url":"https:\/\/www.danielstark.com\/community\/halloweentown\/","name":"Halloweentown Downtown Bryan | Daniel Stark Community Support","isPartOf":{"@id":"https:\/\/www.danielstark.com\/#website"},"primaryImageOfPage":{"@id":"https:\/\/www.danielstark.com\/community\/halloweentown\/#primaryimage"},"image":{"@id":"https:\/\/www.danielstark.com\/community\/halloweentown\/#primaryimage"},"thumbnailUrl":"https:\/\/www.danielstark.com\/wp-content\/uploads\/2023\/10\/shutterstock_1173608629-scaled.jpg","datePublished":"2023-10-23T20:15:19+00:00","dateModified":"2024-08-29T18:47:48+00:00","description":"\u00bfTe tomaste una foto en nuestro stand durante el evento de Halloweentown de Bryan? \u00a1Aqu\u00ed te explicamos c\u00f3mo acceder a tus fotos grupales!","breadcrumb":{"@id":"https:\/\/www.danielstark.com\/community\/halloweentown\/#breadcrumb"},"inLanguage":"es","potentialAction":[{"@type":"ReadAction","target":["https:\/\/www.danielstark.com\/community\/halloweentown\/"]}]},{"@type":"ImageObject","inLanguage":"es","@id":"https:\/\/www.danielstark.com\/community\/halloweentown\/#primaryimage","url":"https:\/\/www.danielstark.com\/wp-content\/uploads\/2023\/10\/shutterstock_1173608629-scaled.jpg","contentUrl":"https:\/\/www.danielstark.com\/wp-content\/uploads\/2023\/10\/shutterstock_1173608629-scaled.jpg"},{"@type":"BreadcrumbList","@id":"https:\/\/www.danielstark.com\/community\/halloweentown\/#breadcrumb","itemListElement":[{"@type":"ListItem","position":1,"name":"Home","item":"https:\/\/www.danielstark.com\/"},{"@type":"ListItem","position":2,"name":"Community","item":"https:\/\/www.danielstark.com\/community\/"},{"@type":"ListItem","position":3,"name":"Halloweentown &#8211; 2023"}]},{"@type":"WebSite","@id":"https:\/\/www.danielstark.com\/#website","url":"https:\/\/www.danielstark.com\/","name":"Abogados de lesiones personales de Daniel Stark","description":"","publisher":{"@id":"https:\/\/www.danielstark.com\/#organization"},"potentialAction":[{"@type":"SearchAction","target":{"@type":"EntryPoint","urlTemplate":"https:\/\/www.danielstark.com\/?s={search_term_string}"},"query-input":{"@type":"PropertyValueSpecification","valueRequired":true,"valueName":"search_term_string"}}],"inLanguage":"es"},{"@type":"Organization","@id":"https:\/\/www.danielstark.com\/#organization","name":"Abogados de lesiones personales de Daniel Stark","url":"https:\/\/www.danielstark.com\/","logo":{"@type":"ImageObject","inLanguage":"es","@id":"https:\/\/www.danielstark.com\/#\/schema\/logo\/image\/","url":"https:\/\/www.danielstark.com\/wp-content\/uploads\/2023\/05\/blog-logo.png","contentUrl":"https:\/\/www.danielstark.com\/wp-content\/uploads\/2023\/05\/blog-logo.png","width":78,"height":77,"caption":"Daniel Stark Injury Lawyers"},"image":{"@id":"https:\/\/www.danielstark.com\/#\/schema\/logo\/image\/"},"sameAs":["https:\/\/www.facebook.com\/DanielStarkLaw","https:\/\/www.instagram.com\/danielstarklaw\/","https:\/\/www.youtube.com\/Danielstarklaw","https:\/\/www.linkedin.com\/company\/daniel-stark-injury-lawyers"]}]}},"_links":{"self":[{"href":"https:\/\/www.danielstark.com\/es\/wp-json\/wp\/v2\/pages\/14023","targetHints":{"allow":["GET"]}}],"collection":[{"href":"https:\/\/www.danielstark.com\/es\/wp-json\/wp\/v2\/pages"}],"about":[{"href":"https:\/\/www.danielstark.com\/es\/wp-json\/wp\/v2\/types\/page"}],"author":[{"embeddable":true,"href":"https:\/\/www.danielstark.com\/es\/wp-json\/wp\/v2\/users\/19"}],"replies":[{"embeddable":true,"href":"https:\/\/www.danielstark.com\/es\/wp-json\/wp\/v2\/comments?post=14023"}],"version-history":[{"count":0,"href":"https:\/\/www.danielstark.com\/es\/wp-json\/wp\/v2\/pages\/14023\/revisions"}],"up":[{"embeddable":true,"href":"https:\/\/www.danielstark.com\/es\/wp-json\/wp\/v2\/pages\/59"}],"wp:attachment":[{"href":"https:\/\/www.danielstark.com\/es\/wp-json\/wp\/v2\/media?parent=14023"}],"curies":[{"name":"wp","href":"https:\/\/api.w.org\/{rel}","templated":true}]}}