{"id":5727,"date":"2023-05-23T01:58:01","date_gmt":"2023-05-23T01:58:01","guid":{"rendered":"https:\/\/www.danielstark.com\/?post_type=location_practice&#038;p=5727"},"modified":"2025-04-16T13:09:09","modified_gmt":"2025-04-16T20:09:09","slug":"call-a-personal-injury-lawyer-in-killeen-tx","status":"publish","type":"page","link":"https:\/\/www.danielstark.com\/es\/killeen\/call-a-personal-injury-lawyer-in-killeen-tx\/","title":{"rendered":"Llame a un abogado de lesiones personales en Killeen, TX"},"content":{"rendered":"<p>Nuestros abogados de lesiones personales est\u00e1n aqu\u00ed para usted las 24 horas del d\u00eda, los 7 d\u00edas de la semana, para que reciba el apoyo que necesita despu\u00e9s de un accidente.&nbsp;<\/p>\n\n\n\n<h2 class=\"wp-block-heading\">Un equipo en el que puede confiar para cualquier lesi\u00f3n<\/h2>\n\n\n\n<p>Si sufri\u00f3 lesiones en un accidente, quiz\u00e1s no sepa a qui\u00e9n acudir, pero estamos aqu\u00ed para ayudarle. Sin importar el tipo de lesi\u00f3n que haya sufrido ni c\u00f3mo ocurri\u00f3, podemos responder a todas sus preguntas y determinar si tiene derecho a un caso. Ll\u00e1menos hoy mismo para comenzar.&nbsp;<\/p>\n\n\n\n<h2 class=\"wp-block-heading\">\u00bfQu\u00e9 se considera una lesi\u00f3n personal?<\/h2>\n\n\n\n<p>En Texas, podr\u00eda tener un caso de lesiones personales si su lesi\u00f3n fue causada por la conducta il\u00edcita o negligencia de otra persona. Estos casos pueden incluir:<\/p>\n\n\n\n<ul class=\"wp-block-list\">\n<li>Accidentes de camiones y autom\u00f3viles<\/li>\n\n\n\n<li>Accidentes de viajes compartidos<\/li>\n\n\n\n<li>Muerte por negligencia<\/li>\n\n\n\n<li>Negligencia m\u00e9dica<\/li>\n\n\n\n<li>mordeduras de perro<\/li>\n\n\n\n<li>Accidentes por resbalones y ca\u00eddas<\/li>\n\n\n\n<li>Accidentes laborales&nbsp;<\/li>\n\n\n\n<li>Y m\u00e1s.<\/li>\n<\/ul>\n\n\n\n<p>Estos son solo algunos de los accidentes comunes que vemos, pero las lesiones personales pueden ocurrir pr\u00e1cticamente en cualquier lugar y bajo cualquier circunstancia. Si no est\u00e1 seguro de tener un caso, no dude en llamarnos. Ofrecemos consultas gratuitas a cada cliente, as\u00ed que no tiene nada que perder y mucho que ganar.&nbsp;<\/p>\n\n\n\n<h2 class=\"wp-block-heading\">C\u00f3mo funciona<\/h2>\n\n\n\n<h3 class=\"wp-block-heading\">Paso 1: Su consulta gratuita<\/h3>\n\n\n\n<p>Nuestros abogados de lesiones personales en Texas son muy buenos oyentes. Cu\u00e9ntenos todo sobre su caso y le ayudaremos a determinar sus pr\u00f3ximos pasos.&nbsp;<\/p>\n\n\n\n<h3 class=\"wp-block-heading\">Paso 2: Luchamos por ti<\/h3>\n\n\n\n<p>Nos apasiona ganar y trabajaremos incansablemente para construir su caso. Nuestro objetivo es llegar a un acuerdo extrajudicial, pero siempre estamos dispuestos a luchar para que usted pueda seguir adelante con su vida.&nbsp;<\/p>\n\n\n\n<h3 class=\"wp-block-heading\">Paso 3: Obtenga el mejor resultado&nbsp;<\/h3>\n\n\n\n<p>Nuestros talentosos abogados han gestionado algunos de los casos m\u00e1s complejos y har\u00e1n todo lo posible para lograr un acuerdo a su favor. Ll\u00e1menos hoy mismo para comenzar.&nbsp;<\/p>\n\n\n\n<h2 class=\"wp-block-heading\">Perm\u00edtanos defenderlo<\/h2>\n\n\n\n<p>Al trabajar con el talentoso equipo de Daniel Stark Law, elige abogados con experiencia en lesiones personales y una reputaci\u00f3n de superarse a s\u00ed mismos. Por eso, estamos disponibles las 24 horas del d\u00eda, los 7 d\u00edas de la semana, y ofrecemos opiniones sinceras y honestas. Nuestros clientes ven resultados y, a menudo, obtienen indemnizaciones mucho mayores de lo que esperaban inicialmente.&nbsp;<\/p>\n\n\n\n<h2 class=\"wp-block-heading\">\u00bfCu\u00e1nto cuesta un abogado de lesiones personales en Texas?<\/h2>\n\n\n\n<p>Ya tiene suficientes preocupaciones despu\u00e9s de su accidente. Al elegir a Daniel Stark Law, nunca tendr\u00e1 que preocuparse por pagar de su bolsillo por nuestros servicios. Solo cobramos si ganamos, as\u00ed que no hay riesgo al llamarnos.&nbsp;<\/p>","protected":false},"excerpt":{"rendered":"<p>Our personal injury lawyers are here for you 24\/7, so you get the support you need following an accident.&nbsp; A Team You Can Trust for Any Injury If you have been injured in an accident, you might not know who to turn to, but we are here to help.&nbsp;No matter what type of injury you [&hellip;]<\/p>\n","protected":false},"author":1,"featured_media":0,"parent":5665,"menu_order":0,"comment_status":"closed","ping_status":"closed","template":"","meta":{"_acf_changed":false,"_genesis_hide_title":false,"_genesis_hide_breadcrumbs":false,"_genesis_hide_singular_image":false,"_genesis_hide_footer_widgets":false,"_genesis_custom_body_class":"","_genesis_custom_post_class":"","_genesis_layout":"","footnotes":""},"class_list":{"0":"post-5727","1":"page","2":"type-page","3":"status-publish","5":"entry"},"acf":[],"yoast_head":"<!-- This site is optimized with the Yoast SEO Premium plugin v27.5 (Yoast SEO v27.5) - https:\/\/yoast.com\/product\/yoast-seo-premium-wordpress\/ -->\n<title>Call a Personal Injury Lawyer in Killeen | Daniel Stark Injury Lawyers<\/title>\n<meta name=\"description\" content=\"Call a personal injury lawyer in Killeen, TX for expert legal representation. Get the support you need after an accident or injury.\" \/>\n<meta name=\"robots\" content=\"index, follow, max-snippet:-1, max-image-preview:large, max-video-preview:-1\" \/>\n<link rel=\"canonical\" href=\"https:\/\/www.danielstark.com\/es\/killeen\/call-a-personal-injury-lawyer-in-killeen-tx\/\" \/>\n<meta property=\"og:locale\" content=\"es_MX\" \/>\n<meta property=\"og:type\" content=\"article\" \/>\n<meta property=\"og:title\" content=\"Call a Personal Injury Lawyer in Killeen, TX\" \/>\n<meta property=\"og:description\" content=\"Call a personal injury lawyer in Killeen, TX for expert legal representation. Get the support you need after an accident or injury.\" \/>\n<meta property=\"og:url\" content=\"https:\/\/www.danielstark.com\/es\/killeen\/call-a-personal-injury-lawyer-in-killeen-tx\/\" \/>\n<meta property=\"og:site_name\" content=\"Daniel Stark Injury Lawyers\" \/>\n<meta property=\"article:publisher\" content=\"https:\/\/www.facebook.com\/DanielStarkLaw\" \/>\n<meta property=\"article:modified_time\" content=\"2025-04-16T20:09:09+00:00\" \/>\n<meta property=\"og:image\" content=\"https:\/\/www.danielstark.com\/wp-content\/uploads\/2023\/06\/OpenGraph-Image.jpg\" \/>\n<meta name=\"twitter:card\" content=\"summary_large_image\" \/>\n<meta name=\"twitter:image\" content=\"\/wp-content\/uploads\/2023\/06\/OpenGraph-Image.jpg\" \/>\n<meta name=\"twitter:label1\" content=\"Est. reading time\" \/>\n\t<meta name=\"twitter:data1\" content=\"2 minutos\" \/>\n<script type=\"application\/ld+json\" class=\"yoast-schema-graph\">{\"@context\":\"https:\\\/\\\/schema.org\",\"@graph\":[{\"@type\":\"WebPage\",\"@id\":\"https:\\\/\\\/www.danielstark.com\\\/killeen\\\/call-a-personal-injury-lawyer-in-killeen-tx\\\/\",\"url\":\"https:\\\/\\\/www.danielstark.com\\\/killeen\\\/call-a-personal-injury-lawyer-in-killeen-tx\\\/\",\"name\":\"Call a Personal Injury Lawyer in Killeen | Daniel Stark Injury Lawyers\",\"isPartOf\":{\"@id\":\"https:\\\/\\\/www.danielstark.com\\\/#website\"},\"datePublished\":\"2023-05-23T01:58:01+00:00\",\"dateModified\":\"2025-04-16T20:09:09+00:00\",\"description\":\"Call a personal injury lawyer in Killeen, TX for expert legal representation. Get the support you need after an accident or injury.\",\"breadcrumb\":{\"@id\":\"https:\\\/\\\/www.danielstark.com\\\/killeen\\\/call-a-personal-injury-lawyer-in-killeen-tx\\\/#breadcrumb\"},\"inLanguage\":\"es\",\"potentialAction\":[{\"@type\":\"ReadAction\",\"target\":[\"https:\\\/\\\/www.danielstark.com\\\/killeen\\\/call-a-personal-injury-lawyer-in-killeen-tx\\\/\"]}]},{\"@type\":\"BreadcrumbList\",\"@id\":\"https:\\\/\\\/www.danielstark.com\\\/killeen\\\/call-a-personal-injury-lawyer-in-killeen-tx\\\/#breadcrumb\",\"itemListElement\":[{\"@type\":\"ListItem\",\"position\":1,\"name\":\"Home\",\"item\":\"https:\\\/\\\/www.danielstark.com\\\/\"},{\"@type\":\"ListItem\",\"position\":2,\"name\":\"Killeen\",\"item\":\"https:\\\/\\\/www.danielstark.com\\\/killeen\\\/\"},{\"@type\":\"ListItem\",\"position\":3,\"name\":\"Call a Personal Injury Lawyer in Killeen, TX\"}]},{\"@type\":\"WebSite\",\"@id\":\"https:\\\/\\\/www.danielstark.com\\\/#website\",\"url\":\"https:\\\/\\\/www.danielstark.com\\\/\",\"name\":\"Daniel Stark Injury Lawyers\",\"description\":\"\",\"publisher\":{\"@id\":\"https:\\\/\\\/www.danielstark.com\\\/#organization\"},\"potentialAction\":[{\"@type\":\"SearchAction\",\"target\":{\"@type\":\"EntryPoint\",\"urlTemplate\":\"https:\\\/\\\/www.danielstark.com\\\/?s={search_term_string}\"},\"query-input\":{\"@type\":\"PropertyValueSpecification\",\"valueRequired\":true,\"valueName\":\"search_term_string\"}}],\"inLanguage\":\"es\"},{\"@type\":\"Organization\",\"@id\":\"https:\\\/\\\/www.danielstark.com\\\/#organization\",\"name\":\"Daniel Stark Injury Lawyers\",\"url\":\"https:\\\/\\\/www.danielstark.com\\\/\",\"logo\":{\"@type\":\"ImageObject\",\"inLanguage\":\"es\",\"@id\":\"https:\\\/\\\/www.danielstark.com\\\/#\\\/schema\\\/logo\\\/image\\\/\",\"url\":\"https:\\\/\\\/www.danielstark.com\\\/wp-content\\\/uploads\\\/2023\\\/05\\\/blog-logo.png\",\"contentUrl\":\"https:\\\/\\\/www.danielstark.com\\\/wp-content\\\/uploads\\\/2023\\\/05\\\/blog-logo.png\",\"width\":78,\"height\":77,\"caption\":\"Daniel Stark Injury Lawyers\"},\"image\":{\"@id\":\"https:\\\/\\\/www.danielstark.com\\\/#\\\/schema\\\/logo\\\/image\\\/\"},\"sameAs\":[\"https:\\\/\\\/www.facebook.com\\\/DanielStarkLaw\",\"https:\\\/\\\/www.instagram.com\\\/danielstarklaw\\\/\",\"https:\\\/\\\/www.youtube.com\\\/Danielstarklaw\",\"https:\\\/\\\/www.linkedin.com\\\/company\\\/daniel-stark-injury-lawyers\"]}]}<\/script>\n<!-- \/ Yoast SEO Premium plugin. -->","yoast_head_json":{"title":"Call a Personal Injury Lawyer in Killeen | Daniel Stark Injury Lawyers","description":"Call a personal injury lawyer in Killeen, TX for expert legal representation. Get the support you need after an accident or injury.","robots":{"index":"index","follow":"follow","max-snippet":"max-snippet:-1","max-image-preview":"max-image-preview:large","max-video-preview":"max-video-preview:-1"},"canonical":"https:\/\/www.danielstark.com\/es\/killeen\/call-a-personal-injury-lawyer-in-killeen-tx\/","og_locale":"es_MX","og_type":"article","og_title":"Call a Personal Injury Lawyer in Killeen, TX","og_description":"Call a personal injury lawyer in Killeen, TX for expert legal representation. Get the support you need after an accident or injury.","og_url":"https:\/\/www.danielstark.com\/es\/killeen\/call-a-personal-injury-lawyer-in-killeen-tx\/","og_site_name":"Daniel Stark Injury Lawyers","article_publisher":"https:\/\/www.facebook.com\/DanielStarkLaw","article_modified_time":"2025-04-16T20:09:09+00:00","og_image":[{"url":"https:\/\/www.danielstark.com\/wp-content\/uploads\/2023\/06\/OpenGraph-Image.jpg","type":"","width":"","height":""}],"twitter_card":"summary_large_image","twitter_image":"\/wp-content\/uploads\/2023\/06\/OpenGraph-Image.jpg","twitter_misc":{"Est. reading time":"2 minutos"},"schema":{"@context":"https:\/\/schema.org","@graph":[{"@type":"WebPage","@id":"https:\/\/www.danielstark.com\/killeen\/call-a-personal-injury-lawyer-in-killeen-tx\/","url":"https:\/\/www.danielstark.com\/killeen\/call-a-personal-injury-lawyer-in-killeen-tx\/","name":"Call a Personal Injury Lawyer in Killeen | Daniel Stark Injury Lawyers","isPartOf":{"@id":"https:\/\/www.danielstark.com\/#website"},"datePublished":"2023-05-23T01:58:01+00:00","dateModified":"2025-04-16T20:09:09+00:00","description":"Call a personal injury lawyer in Killeen, TX for expert legal representation. Get the support you need after an accident or injury.","breadcrumb":{"@id":"https:\/\/www.danielstark.com\/killeen\/call-a-personal-injury-lawyer-in-killeen-tx\/#breadcrumb"},"inLanguage":"es","potentialAction":[{"@type":"ReadAction","target":["https:\/\/www.danielstark.com\/killeen\/call-a-personal-injury-lawyer-in-killeen-tx\/"]}]},{"@type":"BreadcrumbList","@id":"https:\/\/www.danielstark.com\/killeen\/call-a-personal-injury-lawyer-in-killeen-tx\/#breadcrumb","itemListElement":[{"@type":"ListItem","position":1,"name":"Home","item":"https:\/\/www.danielstark.com\/"},{"@type":"ListItem","position":2,"name":"Killeen","item":"https:\/\/www.danielstark.com\/killeen\/"},{"@type":"ListItem","position":3,"name":"Call a Personal Injury Lawyer in Killeen, TX"}]},{"@type":"WebSite","@id":"https:\/\/www.danielstark.com\/#website","url":"https:\/\/www.danielstark.com\/","name":"Abogados de lesiones personales de Daniel Stark","description":"","publisher":{"@id":"https:\/\/www.danielstark.com\/#organization"},"potentialAction":[{"@type":"SearchAction","target":{"@type":"EntryPoint","urlTemplate":"https:\/\/www.danielstark.com\/?s={search_term_string}"},"query-input":{"@type":"PropertyValueSpecification","valueRequired":true,"valueName":"search_term_string"}}],"inLanguage":"es"},{"@type":"Organization","@id":"https:\/\/www.danielstark.com\/#organization","name":"Abogados de lesiones personales de Daniel Stark","url":"https:\/\/www.danielstark.com\/","logo":{"@type":"ImageObject","inLanguage":"es","@id":"https:\/\/www.danielstark.com\/#\/schema\/logo\/image\/","url":"https:\/\/www.danielstark.com\/wp-content\/uploads\/2023\/05\/blog-logo.png","contentUrl":"https:\/\/www.danielstark.com\/wp-content\/uploads\/2023\/05\/blog-logo.png","width":78,"height":77,"caption":"Daniel Stark Injury Lawyers"},"image":{"@id":"https:\/\/www.danielstark.com\/#\/schema\/logo\/image\/"},"sameAs":["https:\/\/www.facebook.com\/DanielStarkLaw","https:\/\/www.instagram.com\/danielstarklaw\/","https:\/\/www.youtube.com\/Danielstarklaw","https:\/\/www.linkedin.com\/company\/daniel-stark-injury-lawyers"]}]}},"_links":{"self":[{"href":"https:\/\/www.danielstark.com\/es\/wp-json\/wp\/v2\/pages\/5727","targetHints":{"allow":["GET"]}}],"collection":[{"href":"https:\/\/www.danielstark.com\/es\/wp-json\/wp\/v2\/pages"}],"about":[{"href":"https:\/\/www.danielstark.com\/es\/wp-json\/wp\/v2\/types\/page"}],"author":[{"embeddable":true,"href":"https:\/\/www.danielstark.com\/es\/wp-json\/wp\/v2\/users\/1"}],"replies":[{"embeddable":true,"href":"https:\/\/www.danielstark.com\/es\/wp-json\/wp\/v2\/comments?post=5727"}],"version-history":[{"count":0,"href":"https:\/\/www.danielstark.com\/es\/wp-json\/wp\/v2\/pages\/5727\/revisions"}],"up":[{"embeddable":true,"href":"https:\/\/www.danielstark.com\/es\/wp-json\/wp\/v2\/pages\/5665"}],"wp:attachment":[{"href":"https:\/\/www.danielstark.com\/es\/wp-json\/wp\/v2\/media?parent=5727"}],"curies":[{"name":"wp","href":"https:\/\/api.w.org\/{rel}","templated":true}]}}