{"id":5746,"date":"2023-05-23T02:04:23","date_gmt":"2023-05-23T02:04:23","guid":{"rendered":"https:\/\/www.danielstark.com\/?post_type=location_practice&#038;p=5746"},"modified":"2025-04-15T12:57:56","modified_gmt":"2025-04-15T19:57:56","slug":"the-austin-car-accident-attorney-and-legal-team","status":"publish","type":"page","link":"https:\/\/www.danielstark.com\/es\/austin\/the-austin-car-accident-attorney-and-legal-team\/","title":{"rendered":"El abogado y el equipo legal de accidentes automovil\u00edsticos de Austin"},"content":{"rendered":"<p>Nuestro bufete de abogados en Austin comprende el impacto que los problemas financieros y emocionales tras un accidente pueden tener en su futuro. Cuando ocurre lo inesperado, nuestros abogados expertos en accidentes de auto en Austin, TX, se encargan de todos los aspectos del proceso de reclamaci\u00f3n para que usted pueda concentrarse en recuperar su vida.<\/p>\n\n\n\n<h2 class=\"wp-block-heading\">Trabaje con un abogado especializado en accidentes automovil\u00edsticos<\/h2>\n\n\n\n<p>Los accidentes automovil\u00edsticos ocurren en un lamentable milisegundo. De repente, una negligencia trae consecuencias terribles que pueden durar toda la vida. Nuestro bufete de abogados de Austin sabe que las lesiones f\u00edsicas y los desaf\u00edos mentales que siguen a un accidente automovil\u00edstico pueden parecer insuperables. Si la negligencia de otra persona es la responsable del accidente, la carga se agrava a\u00fan m\u00e1s.&nbsp;<\/p>\n\n\n\n<p>Aunque no podemos evitar que ocurran accidentes de tr\u00e1fico, podemos ayudar a los afectados a obtener justicia. Si usted o un ser querido ha resultado herido en un accidente de tr\u00e1fico, necesita el apoyo integral de un bufete de abogados de confianza.<\/p>\n\n\n\n<h2 class=\"wp-block-heading\">\u00bfMi caso califica para una demanda?&nbsp;<\/h2>\n\n\n\n<p>La mayor\u00eda de los accidentes automovil\u00edsticos en Austin no resultan en una demanda ni en un juicio. Si ha tenido un accidente menor, sabe que la mayor\u00eda de las partes est\u00e1n dispuestas a llegar a un acuerdo con su compa\u00f1\u00eda de seguros y evitar el proceso judicial.&nbsp;<\/p>\n\n\n\n<p>Sin embargo, hay accidentes en los que un juicio es absolutamente necesario para obtener justicia. Sufrir lesiones puede dificultar o imposibilitar el trabajo, dejar cicatrices permanentes que afectan la confianza en uno mismo y complicar el futuro.&nbsp;<\/p>\n\n\n\n<p>Si ha sufrido lesiones debido a la negligencia de otra persona, deber\u00eda recibir una compensaci\u00f3n econ\u00f3mica por su sufrimiento. Daniel Stark Law lo hace posible.&nbsp;<\/p>\n\n\n\n<h2 class=\"wp-block-heading\">Comprensi\u00f3n de los problemas de seguros&nbsp;<\/h2>\n\n\n\n<p>Hay casos desafortunados en los que una compa\u00f1\u00eda de seguros retiene injustamente una cantidad razonable de compensaci\u00f3n para paliar los da\u00f1os.&nbsp;<\/p>\n\n\n\n<p>Las compa\u00f1\u00edas de seguros conocen a fondo las leyes de Texas y usar\u00e1n este conocimiento como arma para limitar su responsabilidad tras una colisi\u00f3n. En estas circunstancias, es crucial contar con un abogado especializado en accidentes de auto en Austin.&nbsp;<\/p>\n\n\n\n<p>Sin importar las circunstancias, el tiempo apremia. Debe reunirse con el abogado de accidentes automovil\u00edsticos en el que conf\u00eden los residentes de Austin.&nbsp;<\/p>\n\n\n\n<h2 class=\"wp-block-heading\">No hay honorarios a menos que ganemos<\/h2>\n\n\n\n<p>Nuestros abogados de accidentes automovil\u00edsticos se enorgullecen de ofrecer honorarios de contingencia. Esto significa que solo nos pagar\u00e1 si ganamos su caso.&nbsp;<\/p>\n\n\n\n<p>Nuestros honorarios son un porcentaje razonable del acuerdo que obtengamos, para que usted obtenga la m\u00e1xima compensaci\u00f3n y justicia.&nbsp;<\/p>\n\n\n\n<h2 class=\"wp-block-heading\">Llame a un abogado de lesiones personales de Austin ahora<\/h2>\n\n\n\n<p>Contamos con abogados especializados en accidentes de auto listos para ayudarle a obtener una indemnizaci\u00f3n. Si acaba de sufrir un accidente automovil\u00edstico con da\u00f1os, le recomendamos que nos llame de inmediato para presentar una reclamaci\u00f3n.&nbsp;<\/p>","protected":false},"excerpt":{"rendered":"<p>Our Austin law firm understands the impact the financial and emotional strife following an accident can have on your future. When the unexpected strikes, our expert car accident lawyers in Austin, TX handle every aspect of the claim process so you can focus on getting your life back. Work With a Car Accident Lawyer Auto [&hellip;]<\/p>\n","protected":false},"author":1,"featured_media":0,"parent":5366,"menu_order":0,"comment_status":"closed","ping_status":"closed","template":"","meta":{"_acf_changed":false,"_genesis_hide_title":false,"_genesis_hide_breadcrumbs":false,"_genesis_hide_singular_image":false,"_genesis_hide_footer_widgets":false,"_genesis_custom_body_class":"","_genesis_custom_post_class":"","_genesis_layout":"","footnotes":""},"class_list":{"0":"post-5746","1":"page","2":"type-page","3":"status-publish","5":"entry"},"acf":[],"yoast_head":"<!-- This site is optimized with the Yoast SEO Premium plugin v27.4 (Yoast SEO v27.4) - https:\/\/yoast.com\/product\/yoast-seo-premium-wordpress\/ -->\n<title>Top-Rated Austin Car Accident Attorney &amp; Legal Team<\/title>\n<meta name=\"description\" content=\"The Austin car accident attorney and legal team at Daniel Stark Law are ready to fight for your rights and help you with your case.\" \/>\n<meta name=\"robots\" content=\"index, follow, max-snippet:-1, max-image-preview:large, max-video-preview:-1\" \/>\n<link rel=\"canonical\" href=\"https:\/\/www.danielstark.com\/es\/austin\/the-austin-car-accident-attorney-and-legal-team\/\" \/>\n<meta property=\"og:locale\" content=\"es_MX\" \/>\n<meta property=\"og:type\" content=\"article\" \/>\n<meta property=\"og:title\" content=\"The Austin Car Accident Attorney and Legal Team\" \/>\n<meta property=\"og:description\" content=\"The Austin car accident attorney and legal team at Daniel Stark Law are ready to fight for your rights and help you with your case.\" \/>\n<meta property=\"og:url\" content=\"https:\/\/www.danielstark.com\/es\/austin\/the-austin-car-accident-attorney-and-legal-team\/\" \/>\n<meta property=\"og:site_name\" content=\"Daniel Stark Injury Lawyers\" \/>\n<meta property=\"article:publisher\" content=\"https:\/\/www.facebook.com\/DanielStarkLaw\" \/>\n<meta property=\"article:modified_time\" content=\"2025-04-15T19:57:56+00:00\" \/>\n<meta property=\"og:image\" content=\"https:\/\/www.danielstark.com\/wp-content\/uploads\/2023\/06\/OpenGraph-Image.jpg\" \/>\n<meta name=\"twitter:card\" content=\"summary_large_image\" \/>\n<meta name=\"twitter:image\" content=\"\/wp-content\/uploads\/2023\/06\/OpenGraph-Image.jpg\" \/>\n<meta name=\"twitter:label1\" content=\"Est. reading time\" \/>\n\t<meta name=\"twitter:data1\" content=\"2 minutos\" \/>\n<script type=\"application\/ld+json\" class=\"yoast-schema-graph\">{\"@context\":\"https:\\\/\\\/schema.org\",\"@graph\":[{\"@type\":\"WebPage\",\"@id\":\"https:\\\/\\\/www.danielstark.com\\\/austin\\\/the-austin-car-accident-attorney-and-legal-team\\\/\",\"url\":\"https:\\\/\\\/www.danielstark.com\\\/austin\\\/the-austin-car-accident-attorney-and-legal-team\\\/\",\"name\":\"Top-Rated Austin Car Accident Attorney & Legal Team\",\"isPartOf\":{\"@id\":\"https:\\\/\\\/www.danielstark.com\\\/#website\"},\"datePublished\":\"2023-05-23T02:04:23+00:00\",\"dateModified\":\"2025-04-15T19:57:56+00:00\",\"description\":\"The Austin car accident attorney and legal team at Daniel Stark Law are ready to fight for your rights and help you with your case.\",\"breadcrumb\":{\"@id\":\"https:\\\/\\\/www.danielstark.com\\\/austin\\\/the-austin-car-accident-attorney-and-legal-team\\\/#breadcrumb\"},\"inLanguage\":\"es\",\"potentialAction\":[{\"@type\":\"ReadAction\",\"target\":[\"https:\\\/\\\/www.danielstark.com\\\/austin\\\/the-austin-car-accident-attorney-and-legal-team\\\/\"]}]},{\"@type\":\"BreadcrumbList\",\"@id\":\"https:\\\/\\\/www.danielstark.com\\\/austin\\\/the-austin-car-accident-attorney-and-legal-team\\\/#breadcrumb\",\"itemListElement\":[{\"@type\":\"ListItem\",\"position\":1,\"name\":\"Home\",\"item\":\"https:\\\/\\\/www.danielstark.com\\\/\"},{\"@type\":\"ListItem\",\"position\":2,\"name\":\"North Austin\",\"item\":\"https:\\\/\\\/www.danielstark.com\\\/austin\\\/\"},{\"@type\":\"ListItem\",\"position\":3,\"name\":\"The Austin Car Accident Attorney and Legal Team\"}]},{\"@type\":\"WebSite\",\"@id\":\"https:\\\/\\\/www.danielstark.com\\\/#website\",\"url\":\"https:\\\/\\\/www.danielstark.com\\\/\",\"name\":\"Daniel Stark Injury Lawyers\",\"description\":\"\",\"publisher\":{\"@id\":\"https:\\\/\\\/www.danielstark.com\\\/#organization\"},\"potentialAction\":[{\"@type\":\"SearchAction\",\"target\":{\"@type\":\"EntryPoint\",\"urlTemplate\":\"https:\\\/\\\/www.danielstark.com\\\/?s={search_term_string}\"},\"query-input\":{\"@type\":\"PropertyValueSpecification\",\"valueRequired\":true,\"valueName\":\"search_term_string\"}}],\"inLanguage\":\"es\"},{\"@type\":\"Organization\",\"@id\":\"https:\\\/\\\/www.danielstark.com\\\/#organization\",\"name\":\"Daniel Stark Injury Lawyers\",\"url\":\"https:\\\/\\\/www.danielstark.com\\\/\",\"logo\":{\"@type\":\"ImageObject\",\"inLanguage\":\"es\",\"@id\":\"https:\\\/\\\/www.danielstark.com\\\/#\\\/schema\\\/logo\\\/image\\\/\",\"url\":\"https:\\\/\\\/www.danielstark.com\\\/wp-content\\\/uploads\\\/2023\\\/05\\\/blog-logo.png\",\"contentUrl\":\"https:\\\/\\\/www.danielstark.com\\\/wp-content\\\/uploads\\\/2023\\\/05\\\/blog-logo.png\",\"width\":78,\"height\":77,\"caption\":\"Daniel Stark Injury Lawyers\"},\"image\":{\"@id\":\"https:\\\/\\\/www.danielstark.com\\\/#\\\/schema\\\/logo\\\/image\\\/\"},\"sameAs\":[\"https:\\\/\\\/www.facebook.com\\\/DanielStarkLaw\",\"https:\\\/\\\/www.instagram.com\\\/danielstarklaw\\\/\",\"https:\\\/\\\/www.youtube.com\\\/Danielstarklaw\",\"https:\\\/\\\/www.linkedin.com\\\/company\\\/daniel-stark-injury-lawyers\"]}]}<\/script>\n<!-- \/ Yoast SEO Premium plugin. -->","yoast_head_json":{"title":"Top-Rated Austin Car Accident Attorney & Legal Team","description":"The Austin car accident attorney and legal team at Daniel Stark Law are ready to fight for your rights and help you with your case.","robots":{"index":"index","follow":"follow","max-snippet":"max-snippet:-1","max-image-preview":"max-image-preview:large","max-video-preview":"max-video-preview:-1"},"canonical":"https:\/\/www.danielstark.com\/es\/austin\/the-austin-car-accident-attorney-and-legal-team\/","og_locale":"es_MX","og_type":"article","og_title":"The Austin Car Accident Attorney and Legal Team","og_description":"The Austin car accident attorney and legal team at Daniel Stark Law are ready to fight for your rights and help you with your case.","og_url":"https:\/\/www.danielstark.com\/es\/austin\/the-austin-car-accident-attorney-and-legal-team\/","og_site_name":"Daniel Stark Injury Lawyers","article_publisher":"https:\/\/www.facebook.com\/DanielStarkLaw","article_modified_time":"2025-04-15T19:57:56+00:00","og_image":[{"url":"https:\/\/www.danielstark.com\/wp-content\/uploads\/2023\/06\/OpenGraph-Image.jpg","type":"","width":"","height":""}],"twitter_card":"summary_large_image","twitter_image":"\/wp-content\/uploads\/2023\/06\/OpenGraph-Image.jpg","twitter_misc":{"Est. reading time":"2 minutos"},"schema":{"@context":"https:\/\/schema.org","@graph":[{"@type":"WebPage","@id":"https:\/\/www.danielstark.com\/austin\/the-austin-car-accident-attorney-and-legal-team\/","url":"https:\/\/www.danielstark.com\/austin\/the-austin-car-accident-attorney-and-legal-team\/","name":"Top-Rated Austin Car Accident Attorney & Legal Team","isPartOf":{"@id":"https:\/\/www.danielstark.com\/#website"},"datePublished":"2023-05-23T02:04:23+00:00","dateModified":"2025-04-15T19:57:56+00:00","description":"The Austin car accident attorney and legal team at Daniel Stark Law are ready to fight for your rights and help you with your case.","breadcrumb":{"@id":"https:\/\/www.danielstark.com\/austin\/the-austin-car-accident-attorney-and-legal-team\/#breadcrumb"},"inLanguage":"es","potentialAction":[{"@type":"ReadAction","target":["https:\/\/www.danielstark.com\/austin\/the-austin-car-accident-attorney-and-legal-team\/"]}]},{"@type":"BreadcrumbList","@id":"https:\/\/www.danielstark.com\/austin\/the-austin-car-accident-attorney-and-legal-team\/#breadcrumb","itemListElement":[{"@type":"ListItem","position":1,"name":"Home","item":"https:\/\/www.danielstark.com\/"},{"@type":"ListItem","position":2,"name":"North Austin","item":"https:\/\/www.danielstark.com\/austin\/"},{"@type":"ListItem","position":3,"name":"The Austin Car Accident Attorney and Legal Team"}]},{"@type":"WebSite","@id":"https:\/\/www.danielstark.com\/#website","url":"https:\/\/www.danielstark.com\/","name":"Abogados de lesiones personales de Daniel Stark","description":"","publisher":{"@id":"https:\/\/www.danielstark.com\/#organization"},"potentialAction":[{"@type":"SearchAction","target":{"@type":"EntryPoint","urlTemplate":"https:\/\/www.danielstark.com\/?s={search_term_string}"},"query-input":{"@type":"PropertyValueSpecification","valueRequired":true,"valueName":"search_term_string"}}],"inLanguage":"es"},{"@type":"Organization","@id":"https:\/\/www.danielstark.com\/#organization","name":"Abogados de lesiones personales de Daniel Stark","url":"https:\/\/www.danielstark.com\/","logo":{"@type":"ImageObject","inLanguage":"es","@id":"https:\/\/www.danielstark.com\/#\/schema\/logo\/image\/","url":"https:\/\/www.danielstark.com\/wp-content\/uploads\/2023\/05\/blog-logo.png","contentUrl":"https:\/\/www.danielstark.com\/wp-content\/uploads\/2023\/05\/blog-logo.png","width":78,"height":77,"caption":"Daniel Stark Injury Lawyers"},"image":{"@id":"https:\/\/www.danielstark.com\/#\/schema\/logo\/image\/"},"sameAs":["https:\/\/www.facebook.com\/DanielStarkLaw","https:\/\/www.instagram.com\/danielstarklaw\/","https:\/\/www.youtube.com\/Danielstarklaw","https:\/\/www.linkedin.com\/company\/daniel-stark-injury-lawyers"]}]}},"_links":{"self":[{"href":"https:\/\/www.danielstark.com\/es\/wp-json\/wp\/v2\/pages\/5746","targetHints":{"allow":["GET"]}}],"collection":[{"href":"https:\/\/www.danielstark.com\/es\/wp-json\/wp\/v2\/pages"}],"about":[{"href":"https:\/\/www.danielstark.com\/es\/wp-json\/wp\/v2\/types\/page"}],"author":[{"embeddable":true,"href":"https:\/\/www.danielstark.com\/es\/wp-json\/wp\/v2\/users\/1"}],"replies":[{"embeddable":true,"href":"https:\/\/www.danielstark.com\/es\/wp-json\/wp\/v2\/comments?post=5746"}],"version-history":[{"count":0,"href":"https:\/\/www.danielstark.com\/es\/wp-json\/wp\/v2\/pages\/5746\/revisions"}],"up":[{"embeddable":true,"href":"https:\/\/www.danielstark.com\/es\/wp-json\/wp\/v2\/pages\/5366"}],"wp:attachment":[{"href":"https:\/\/www.danielstark.com\/es\/wp-json\/wp\/v2\/media?parent=5746"}],"curies":[{"name":"wp","href":"https:\/\/api.w.org\/{rel}","templated":true}]}}