{"id":5756,"date":"2023-05-23T02:07:22","date_gmt":"2023-05-23T09:07:22","guid":{"rendered":"https:\/\/www.danielstark.com\/?post_type=location_practice&#038;p=5756"},"modified":"2025-04-16T13:06:25","modified_gmt":"2025-04-16T20:06:25","slug":"auto-accident-attorney-in-bryan-college-station-tx","status":"publish","type":"page","link":"https:\/\/www.danielstark.com\/es\/bryan\/auto-accident-attorney-in-bryan-college-station-tx\/","title":{"rendered":"Abogado de accidentes automovil\u00edsticos en Bryan\/College Station, TX"},"content":{"rendered":"<p>Nuestro bufete de abogados en Bryan\/College Station comprende el impacto f\u00edsico y financiero que una colisi\u00f3n puede tener en su futuro. Cuando ocurre lo inesperado, nuestros abogados expertos en accidentes automovil\u00edsticos en Bryan\/College Station, TX, se encargan de todos los aspectos del proceso de reclamaci\u00f3n para que usted pueda concentrarse en recuperar su vida.<\/p>\n\n\n\n<h2 class=\"wp-block-heading\"><strong>Trabaje con los mejores abogados de accidentes automovil\u00edsticos de Bryan&nbsp;<\/strong><\/h2>\n\n\n\n<p>Los accidentes automovil\u00edsticos ocurren en cuesti\u00f3n de segundos. De repente, una negligencia puede traer consecuencias terribles que pueden durar toda la vida. Nuestro bufete de abogados en Bryan sabe que las lesiones f\u00edsicas y el sufrimiento psicol\u00f3gico que siguen a un accidente automovil\u00edstico son abrumadores. Si la negligencia de otra persona es la culpable del accidente, la carga se agrava a\u00fan m\u00e1s.&nbsp;<\/p>\n\n\n\n<p>Si usted o un ser querido ha sufrido lesiones en un accidente automovil\u00edstico, necesita el apoyo integral de un bufete de abogados de confianza. Daniel Stark Law es reconocido por contar con los mejores abogados de Texas, y muchos de nuestros abogados m\u00e1s brillantes trabajan aqu\u00ed mismo en Bryan\/College Station.&nbsp;<\/p>\n\n\n\n<h2 class=\"wp-block-heading\"><strong>Comprensi\u00f3n de los problemas de seguros&nbsp;<\/strong><\/h2>\n\n\n\n<p>Hay casos desafortunados en los que una compa\u00f1\u00eda de seguros retiene injustamente una cantidad razonable de compensaci\u00f3n para paliar los da\u00f1os.&nbsp;<\/p>\n\n\n\n<p>Las compa\u00f1\u00edas de seguros conocen a fondo las leyes de Texas y usar\u00e1n este conocimiento como arma para limitar su responsabilidad tras una colisi\u00f3n. En estas circunstancias, es crucial contar con un abogado especializado en accidentes de auto en Bryan.&nbsp;<\/p>\n\n\n\n<p>Sin importar las circunstancias, el tiempo apremia. Debe reunirse con el abogado de accidentes automovil\u00edsticos en el que conf\u00eden los residentes de Bryan, Texas.&nbsp;<\/p>\n\n\n\n<h2 class=\"wp-block-heading\"><strong>Nuestra garant\u00eda de abogados de accidentes automovil\u00edsticos en College Station&nbsp;<\/strong><\/h2>\n\n\n\n<p>Proteger el derecho de nuestros clientes a recibir reparaciones es nuestra pasi\u00f3n, y no nos detenemos ante nada para asegurar que todos reciban la justicia que merecen. Esa es una garant\u00eda de Daniel Stark Law.&nbsp;<\/p>\n\n\n\n<h2 class=\"wp-block-heading\"><strong>No hay honorarios a menos que ganemos<\/strong><\/h2>\n\n\n\n<p>Nuestros abogados de accidentes de auto en Bryan se enorgullecen de ofrecer honorarios de contingencia. Esto significa que solo nos pagar\u00e1 si ganamos su caso.&nbsp;<\/p>\n\n\n\n<p>Nuestros honorarios son un porcentaje razonable del acuerdo que obtengamos, por lo que usted se va con dinero en su bolsillo y justicia por su accidente.&nbsp;<\/p>\n\n\n\n<h2 class=\"wp-block-heading\"><strong>Contrate a los abogados de accidentes automovil\u00edsticos en los que Texas conf\u00eda&nbsp;<\/strong><\/h2>\n\n\n\n<p>Nuestro objetivo es asegurarnos de que las grandes aseguradoras no se aprovechen de usted. Si acaba de sufrir un accidente automovil\u00edstico con da\u00f1os, le recomendamos que nos llame de inmediato para presentar una reclamaci\u00f3n por accidente de auto.<\/p>","protected":false},"excerpt":{"rendered":"<p>Our Bryan\/College Station law firm understands the physical and financial impact a collision can have on your future. When the unexpected strikes, our expert car accident lawyers in Bryan\/College Station, TX handle every aspect of the claim process so you can focus on getting your life back. Work With the Best Bryan Car Accident Attorneys&nbsp; [&hellip;]<\/p>\n","protected":false},"author":1,"featured_media":0,"parent":5657,"menu_order":0,"comment_status":"closed","ping_status":"closed","template":"","meta":{"_acf_changed":false,"_genesis_hide_title":false,"_genesis_hide_breadcrumbs":false,"_genesis_hide_singular_image":false,"_genesis_hide_footer_widgets":false,"_genesis_custom_body_class":"","_genesis_custom_post_class":"","_genesis_layout":"","footnotes":""},"class_list":{"0":"post-5756","1":"page","2":"type-page","3":"status-publish","5":"entry"},"acf":[],"yoast_head":"<!-- This site is optimized with the Yoast SEO Premium plugin v27.3 (Yoast SEO v27.3) - https:\/\/yoast.com\/product\/yoast-seo-premium-wordpress\/ -->\n<title>Auto Accident Lawyer in Bryan, TX | Daniel Stark Injury Lawyers<\/title>\n<meta name=\"description\" content=\"Our Bryan\/College Station law firm understands the physical and financial impact a collision can have on your future.\" \/>\n<meta name=\"robots\" content=\"index, follow, max-snippet:-1, max-image-preview:large, max-video-preview:-1\" \/>\n<link rel=\"canonical\" href=\"https:\/\/www.danielstark.com\/es\/bryan\/auto-accident-attorney-in-bryan-college-station-tx\/\" \/>\n<meta property=\"og:locale\" content=\"es_MX\" \/>\n<meta property=\"og:type\" content=\"article\" \/>\n<meta property=\"og:title\" content=\"Auto Accident Attorney in Bryan\/College Station, TX\" \/>\n<meta property=\"og:description\" content=\"Our Bryan\/College Station law firm understands the physical and financial impact a collision can have on your future.\" \/>\n<meta property=\"og:url\" content=\"https:\/\/www.danielstark.com\/es\/bryan\/auto-accident-attorney-in-bryan-college-station-tx\/\" \/>\n<meta property=\"og:site_name\" content=\"Daniel Stark Injury Lawyers\" \/>\n<meta property=\"article:publisher\" content=\"https:\/\/www.facebook.com\/DanielStarkLaw\" \/>\n<meta property=\"article:modified_time\" content=\"2025-04-16T20:06:25+00:00\" \/>\n<meta property=\"og:image\" content=\"https:\/\/www.danielstark.com\/wp-content\/uploads\/2023\/06\/OpenGraph-Image.jpg\" \/>\n<meta name=\"twitter:card\" content=\"summary_large_image\" \/>\n<meta name=\"twitter:image\" content=\"\/wp-content\/uploads\/2023\/06\/OpenGraph-Image.jpg\" \/>\n<meta name=\"twitter:label1\" content=\"Est. reading time\" \/>\n\t<meta name=\"twitter:data1\" content=\"2 minutos\" \/>\n<script type=\"application\/ld+json\" class=\"yoast-schema-graph\">{\"@context\":\"https:\\\/\\\/schema.org\",\"@graph\":[{\"@type\":\"WebPage\",\"@id\":\"https:\\\/\\\/www.danielstark.com\\\/bryan\\\/auto-accident-attorney-in-bryan-college-station-tx\\\/\",\"url\":\"https:\\\/\\\/www.danielstark.com\\\/bryan\\\/auto-accident-attorney-in-bryan-college-station-tx\\\/\",\"name\":\"Auto Accident Lawyer in Bryan, TX | Daniel Stark Injury Lawyers\",\"isPartOf\":{\"@id\":\"https:\\\/\\\/www.danielstark.com\\\/#website\"},\"datePublished\":\"2023-05-23T09:07:22+00:00\",\"dateModified\":\"2025-04-16T20:06:25+00:00\",\"description\":\"Our Bryan\\\/College Station law firm understands the physical and financial impact a collision can have on your future.\",\"breadcrumb\":{\"@id\":\"https:\\\/\\\/www.danielstark.com\\\/bryan\\\/auto-accident-attorney-in-bryan-college-station-tx\\\/#breadcrumb\"},\"inLanguage\":\"es\",\"potentialAction\":[{\"@type\":\"ReadAction\",\"target\":[\"https:\\\/\\\/www.danielstark.com\\\/bryan\\\/auto-accident-attorney-in-bryan-college-station-tx\\\/\"]}]},{\"@type\":\"BreadcrumbList\",\"@id\":\"https:\\\/\\\/www.danielstark.com\\\/bryan\\\/auto-accident-attorney-in-bryan-college-station-tx\\\/#breadcrumb\",\"itemListElement\":[{\"@type\":\"ListItem\",\"position\":1,\"name\":\"Home\",\"item\":\"https:\\\/\\\/www.danielstark.com\\\/\"},{\"@type\":\"ListItem\",\"position\":2,\"name\":\"Bryan\",\"item\":\"https:\\\/\\\/www.danielstark.com\\\/bryan\\\/\"},{\"@type\":\"ListItem\",\"position\":3,\"name\":\"Auto Accident Attorney in Bryan\\\/College Station, TX\"}]},{\"@type\":\"WebSite\",\"@id\":\"https:\\\/\\\/www.danielstark.com\\\/#website\",\"url\":\"https:\\\/\\\/www.danielstark.com\\\/\",\"name\":\"Daniel Stark Injury Lawyers\",\"description\":\"\",\"publisher\":{\"@id\":\"https:\\\/\\\/www.danielstark.com\\\/#organization\"},\"potentialAction\":[{\"@type\":\"SearchAction\",\"target\":{\"@type\":\"EntryPoint\",\"urlTemplate\":\"https:\\\/\\\/www.danielstark.com\\\/?s={search_term_string}\"},\"query-input\":{\"@type\":\"PropertyValueSpecification\",\"valueRequired\":true,\"valueName\":\"search_term_string\"}}],\"inLanguage\":\"es\"},{\"@type\":\"Organization\",\"@id\":\"https:\\\/\\\/www.danielstark.com\\\/#organization\",\"name\":\"Daniel Stark Injury Lawyers\",\"url\":\"https:\\\/\\\/www.danielstark.com\\\/\",\"logo\":{\"@type\":\"ImageObject\",\"inLanguage\":\"es\",\"@id\":\"https:\\\/\\\/www.danielstark.com\\\/#\\\/schema\\\/logo\\\/image\\\/\",\"url\":\"https:\\\/\\\/www.danielstark.com\\\/wp-content\\\/uploads\\\/2023\\\/05\\\/blog-logo.png\",\"contentUrl\":\"https:\\\/\\\/www.danielstark.com\\\/wp-content\\\/uploads\\\/2023\\\/05\\\/blog-logo.png\",\"width\":78,\"height\":77,\"caption\":\"Daniel Stark Injury Lawyers\"},\"image\":{\"@id\":\"https:\\\/\\\/www.danielstark.com\\\/#\\\/schema\\\/logo\\\/image\\\/\"},\"sameAs\":[\"https:\\\/\\\/www.facebook.com\\\/DanielStarkLaw\",\"https:\\\/\\\/www.instagram.com\\\/danielstarklaw\\\/\",\"https:\\\/\\\/www.youtube.com\\\/Danielstarklaw\",\"https:\\\/\\\/www.linkedin.com\\\/company\\\/daniel-stark-injury-lawyers\"]}]}<\/script>\n<!-- \/ Yoast SEO Premium plugin. -->","yoast_head_json":{"title":"Auto Accident Lawyer in Bryan, TX | Daniel Stark Injury Lawyers","description":"Our Bryan\/College Station law firm understands the physical and financial impact a collision can have on your future.","robots":{"index":"index","follow":"follow","max-snippet":"max-snippet:-1","max-image-preview":"max-image-preview:large","max-video-preview":"max-video-preview:-1"},"canonical":"https:\/\/www.danielstark.com\/es\/bryan\/auto-accident-attorney-in-bryan-college-station-tx\/","og_locale":"es_MX","og_type":"article","og_title":"Auto Accident Attorney in Bryan\/College Station, TX","og_description":"Our Bryan\/College Station law firm understands the physical and financial impact a collision can have on your future.","og_url":"https:\/\/www.danielstark.com\/es\/bryan\/auto-accident-attorney-in-bryan-college-station-tx\/","og_site_name":"Daniel Stark Injury Lawyers","article_publisher":"https:\/\/www.facebook.com\/DanielStarkLaw","article_modified_time":"2025-04-16T20:06:25+00:00","og_image":[{"url":"https:\/\/www.danielstark.com\/wp-content\/uploads\/2023\/06\/OpenGraph-Image.jpg","type":"","width":"","height":""}],"twitter_card":"summary_large_image","twitter_image":"\/wp-content\/uploads\/2023\/06\/OpenGraph-Image.jpg","twitter_misc":{"Est. reading time":"2 minutos"},"schema":{"@context":"https:\/\/schema.org","@graph":[{"@type":"WebPage","@id":"https:\/\/www.danielstark.com\/bryan\/auto-accident-attorney-in-bryan-college-station-tx\/","url":"https:\/\/www.danielstark.com\/bryan\/auto-accident-attorney-in-bryan-college-station-tx\/","name":"Auto Accident Lawyer in Bryan, TX | Daniel Stark Injury Lawyers","isPartOf":{"@id":"https:\/\/www.danielstark.com\/#website"},"datePublished":"2023-05-23T09:07:22+00:00","dateModified":"2025-04-16T20:06:25+00:00","description":"Our Bryan\/College Station law firm understands the physical and financial impact a collision can have on your future.","breadcrumb":{"@id":"https:\/\/www.danielstark.com\/bryan\/auto-accident-attorney-in-bryan-college-station-tx\/#breadcrumb"},"inLanguage":"es","potentialAction":[{"@type":"ReadAction","target":["https:\/\/www.danielstark.com\/bryan\/auto-accident-attorney-in-bryan-college-station-tx\/"]}]},{"@type":"BreadcrumbList","@id":"https:\/\/www.danielstark.com\/bryan\/auto-accident-attorney-in-bryan-college-station-tx\/#breadcrumb","itemListElement":[{"@type":"ListItem","position":1,"name":"Home","item":"https:\/\/www.danielstark.com\/"},{"@type":"ListItem","position":2,"name":"Bryan","item":"https:\/\/www.danielstark.com\/bryan\/"},{"@type":"ListItem","position":3,"name":"Auto Accident Attorney in Bryan\/College Station, TX"}]},{"@type":"WebSite","@id":"https:\/\/www.danielstark.com\/#website","url":"https:\/\/www.danielstark.com\/","name":"Abogados de lesiones personales de Daniel Stark","description":"","publisher":{"@id":"https:\/\/www.danielstark.com\/#organization"},"potentialAction":[{"@type":"SearchAction","target":{"@type":"EntryPoint","urlTemplate":"https:\/\/www.danielstark.com\/?s={search_term_string}"},"query-input":{"@type":"PropertyValueSpecification","valueRequired":true,"valueName":"search_term_string"}}],"inLanguage":"es"},{"@type":"Organization","@id":"https:\/\/www.danielstark.com\/#organization","name":"Abogados de lesiones personales de Daniel Stark","url":"https:\/\/www.danielstark.com\/","logo":{"@type":"ImageObject","inLanguage":"es","@id":"https:\/\/www.danielstark.com\/#\/schema\/logo\/image\/","url":"https:\/\/www.danielstark.com\/wp-content\/uploads\/2023\/05\/blog-logo.png","contentUrl":"https:\/\/www.danielstark.com\/wp-content\/uploads\/2023\/05\/blog-logo.png","width":78,"height":77,"caption":"Daniel Stark Injury Lawyers"},"image":{"@id":"https:\/\/www.danielstark.com\/#\/schema\/logo\/image\/"},"sameAs":["https:\/\/www.facebook.com\/DanielStarkLaw","https:\/\/www.instagram.com\/danielstarklaw\/","https:\/\/www.youtube.com\/Danielstarklaw","https:\/\/www.linkedin.com\/company\/daniel-stark-injury-lawyers"]}]}},"_links":{"self":[{"href":"https:\/\/www.danielstark.com\/es\/wp-json\/wp\/v2\/pages\/5756","targetHints":{"allow":["GET"]}}],"collection":[{"href":"https:\/\/www.danielstark.com\/es\/wp-json\/wp\/v2\/pages"}],"about":[{"href":"https:\/\/www.danielstark.com\/es\/wp-json\/wp\/v2\/types\/page"}],"author":[{"embeddable":true,"href":"https:\/\/www.danielstark.com\/es\/wp-json\/wp\/v2\/users\/1"}],"replies":[{"embeddable":true,"href":"https:\/\/www.danielstark.com\/es\/wp-json\/wp\/v2\/comments?post=5756"}],"version-history":[{"count":0,"href":"https:\/\/www.danielstark.com\/es\/wp-json\/wp\/v2\/pages\/5756\/revisions"}],"up":[{"embeddable":true,"href":"https:\/\/www.danielstark.com\/es\/wp-json\/wp\/v2\/pages\/5657"}],"wp:attachment":[{"href":"https:\/\/www.danielstark.com\/es\/wp-json\/wp\/v2\/media?parent=5756"}],"curies":[{"name":"wp","href":"https:\/\/api.w.org\/{rel}","templated":true}]}}