{"id":5757,"date":"2023-05-23T02:08:02","date_gmt":"2023-05-23T02:08:02","guid":{"rendered":"https:\/\/www.danielstark.com\/?post_type=location_practice&#038;p=5757"},"modified":"2025-04-16T13:05:53","modified_gmt":"2025-04-16T20:05:53","slug":"personal-injury-lawyers-in-bryan-college-station-texas","status":"publish","type":"page","link":"https:\/\/www.danielstark.com\/es\/bryan\/personal-injury-lawyers-in-bryan-college-station-texas\/","title":{"rendered":"Abogados de lesiones personales en Bryan\/College Station, Texas"},"content":{"rendered":"<p>Si se lesiona, Daniel Stark Law lucha por su justicia. Entendemos el impacto que una lesi\u00f3n injusta puede tener en su vida diaria. Nuestros abogados de College Station creen que usted merece una compensaci\u00f3n por sus lesiones y trabajamos hasta que la reciba.&nbsp;<\/p>\n\n\n\n<h2 class=\"wp-block-heading\"><strong>El abogado l\u00edder en lesiones personales en Bryan, Texas<\/strong><\/h2>\n\n\n\n<p>Sufrir una lesi\u00f3n injusta es una carga inmensa. En cuesti\u00f3n de segundos, tu vida cambia para siempre. A medida que los gastos se acumulan, la carga emocional y financiera se vuelve insoportable para afrontarla sola.&nbsp;<\/p>\n\n\n\n<p>Necesita ayuda confiable. Daniel Stark Law es el bufete l\u00edder en lesiones personales en Bryan. Ante cualquier imprevisto, estamos a su lado, luchando d\u00eda a d\u00eda hasta que reciba la justicia y la compensaci\u00f3n que merece.&nbsp;<\/p>\n\n\n\n<h2 class=\"wp-block-heading\"><strong>\u00bfCu\u00e1nto puedo esperar de un acuerdo?&nbsp;<\/strong><\/h2>\n\n\n\n<p>Las lesiones injustificadas que usted o un ser querido sufren generan una enorme carga financiera. Es bien sabido que acudir a los tribunales consume tiempo y dinero. La resoluci\u00f3n final de una demanda por lesiones personales depende de muchos factores. Uno de los primeros aspectos a considerar son sus facturas m\u00e9dicas y sus finanzas.&nbsp;<\/p>\n\n\n\n<p>Dado que no podemos generalizar el acuerdo promedio en un caso de lesiones personales, comun\u00edquese con un miembro del equipo y aclare los detalles de su accidente.&nbsp;<\/p>\n\n\n\n<p><strong>Qu\u00e9 hacemos&nbsp;<\/strong><\/p>\n\n\n\n<p>Durante m\u00e1s de 20 a\u00f1os, Daniel Stark Law ha facilitado resultados excepcionales para v\u00edctimas de lesiones personales en Bryan, Texas. Cuando se trata de hacer justicia a las personas lesionadas en diversos incidentes, somos un referente en la industria.&nbsp;<\/p>\n\n\n\n<p>Los casos que manejamos incluyen, entre otros, accidentes por conducir bajo los efectos del alcohol, accidentes laborales e incluso muerte por negligencia.&nbsp;<\/p>\n\n\n\n<h2 class=\"wp-block-heading\"><strong>La garant\u00eda de la Ley de Daniel Stark<\/strong><\/h2>\n\n\n\n<p>Nos enorgullece representar a los tejanos que necesitan un bufete de litigios de contingencia. En un mundo donde los bufetes de abogados son de todos los tama\u00f1os, ocupamos el espacio necesario entre la atenci\u00f3n personalizada y la profesionalidad. Somos lo suficientemente grandes como para asumir cualquier compa\u00f1\u00eda de seguros o corporaci\u00f3n, pero lo suficientemente peque\u00f1os como para garantizar que cada cliente conozca y conf\u00ede en su abogado y asistente legal.&nbsp;<\/p>\n\n\n\n<p>En Daniel Stark Law, cada caso es una parte importante de nuestra firma y luchamos incansablemente hasta que nuestros clientes reciban la justicia que merecen. Esa es la garant\u00eda de nuestro bufete de abogados en Bryan.&nbsp;<\/p>\n\n\n\n<h2 class=\"wp-block-heading\"><strong>\u00a1No pagas hasta que ganemos!&nbsp;<\/strong><\/h2>\n\n\n\n<p>Ofrecemos nuestros servicios con honorarios de contingencia: solo nos paga si ganamos su caso de lesiones personales. Nuestros honorarios representan un porcentaje justo de su indemnizaci\u00f3n, para que pueda obtener justicia y una indemnizaci\u00f3n.&nbsp;<\/p>\n\n\n\n<h2 class=\"wp-block-heading\"><strong>Obtenga justicia ahora&nbsp;<\/strong><\/h2>\n\n\n\n<p>Contamos con un abogado de College Station de su lado, listo para actuar. \u00a1Recomendamos a los residentes de Bryan\/College Station que deseen presentar una reclamaci\u00f3n por lesiones personales que nos llamen de inmediato!<\/p>","protected":false},"excerpt":{"rendered":"<p>When you get injured, Daniel Stark Law fights for your justice. We understand the impact a wrongful injury can have on your day-to-day life. Our College Station lawyers believe you deserve compensation for your injuries, and we work until you receive it.&nbsp; The Leading Personal Injury Attorney in Bryan, Texas Being wrongfully injured is an [&hellip;]<\/p>\n","protected":false},"author":1,"featured_media":0,"parent":5657,"menu_order":0,"comment_status":"closed","ping_status":"closed","template":"","meta":{"_acf_changed":false,"_genesis_hide_title":false,"_genesis_hide_breadcrumbs":false,"_genesis_hide_singular_image":false,"_genesis_hide_footer_widgets":false,"_genesis_custom_body_class":"","_genesis_custom_post_class":"","_genesis_layout":"","footnotes":""},"class_list":{"0":"post-5757","1":"page","2":"type-page","3":"status-publish","5":"entry"},"acf":[],"yoast_head":"<!-- This site is optimized with the Yoast SEO Premium plugin v27.5 (Yoast SEO v27.5) - https:\/\/yoast.com\/product\/yoast-seo-premium-wordpress\/ -->\n<title>Personal Injury Lawyers in Bryan, TX | Daniel Stark Injury Lawyers<\/title>\n<meta name=\"description\" content=\"Our College Station lawyers believe you deserve compensation for your injuries, and we work until you receive it.\" \/>\n<meta name=\"robots\" content=\"index, follow, max-snippet:-1, max-image-preview:large, max-video-preview:-1\" \/>\n<link rel=\"canonical\" href=\"https:\/\/www.danielstark.com\/es\/bryan\/personal-injury-lawyers-in-bryan-college-station-texas\/\" \/>\n<meta property=\"og:locale\" content=\"es_MX\" \/>\n<meta property=\"og:type\" content=\"article\" \/>\n<meta property=\"og:title\" content=\"Personal Injury Lawyers in Bryan\/College Station, Texas\" \/>\n<meta property=\"og:description\" content=\"Our College Station lawyers believe you deserve compensation for your injuries, and we work until you receive it.\" \/>\n<meta property=\"og:url\" content=\"https:\/\/www.danielstark.com\/es\/bryan\/personal-injury-lawyers-in-bryan-college-station-texas\/\" \/>\n<meta property=\"og:site_name\" content=\"Daniel Stark Injury Lawyers\" \/>\n<meta property=\"article:publisher\" content=\"https:\/\/www.facebook.com\/DanielStarkLaw\" \/>\n<meta property=\"article:modified_time\" content=\"2025-04-16T20:05:53+00:00\" \/>\n<meta property=\"og:image\" content=\"https:\/\/www.danielstark.com\/wp-content\/uploads\/2023\/06\/OpenGraph-Image.jpg\" \/>\n<meta name=\"twitter:card\" content=\"summary_large_image\" \/>\n<meta name=\"twitter:image\" content=\"\/wp-content\/uploads\/2023\/06\/OpenGraph-Image.jpg\" \/>\n<meta name=\"twitter:label1\" content=\"Est. reading time\" \/>\n\t<meta name=\"twitter:data1\" content=\"2 minutos\" \/>\n<script type=\"application\/ld+json\" class=\"yoast-schema-graph\">{\"@context\":\"https:\\\/\\\/schema.org\",\"@graph\":[{\"@type\":\"WebPage\",\"@id\":\"https:\\\/\\\/www.danielstark.com\\\/bryan\\\/personal-injury-lawyers-in-bryan-college-station-texas\\\/\",\"url\":\"https:\\\/\\\/www.danielstark.com\\\/bryan\\\/personal-injury-lawyers-in-bryan-college-station-texas\\\/\",\"name\":\"Personal Injury Lawyers in Bryan, TX | Daniel Stark Injury Lawyers\",\"isPartOf\":{\"@id\":\"https:\\\/\\\/www.danielstark.com\\\/#website\"},\"datePublished\":\"2023-05-23T02:08:02+00:00\",\"dateModified\":\"2025-04-16T20:05:53+00:00\",\"description\":\"Our College Station lawyers believe you deserve compensation for your injuries, and we work until you receive it.\",\"breadcrumb\":{\"@id\":\"https:\\\/\\\/www.danielstark.com\\\/bryan\\\/personal-injury-lawyers-in-bryan-college-station-texas\\\/#breadcrumb\"},\"inLanguage\":\"es\",\"potentialAction\":[{\"@type\":\"ReadAction\",\"target\":[\"https:\\\/\\\/www.danielstark.com\\\/bryan\\\/personal-injury-lawyers-in-bryan-college-station-texas\\\/\"]}]},{\"@type\":\"BreadcrumbList\",\"@id\":\"https:\\\/\\\/www.danielstark.com\\\/bryan\\\/personal-injury-lawyers-in-bryan-college-station-texas\\\/#breadcrumb\",\"itemListElement\":[{\"@type\":\"ListItem\",\"position\":1,\"name\":\"Home\",\"item\":\"https:\\\/\\\/www.danielstark.com\\\/\"},{\"@type\":\"ListItem\",\"position\":2,\"name\":\"Bryan\",\"item\":\"https:\\\/\\\/www.danielstark.com\\\/bryan\\\/\"},{\"@type\":\"ListItem\",\"position\":3,\"name\":\"Personal Injury Lawyers in Bryan\\\/College Station, Texas\"}]},{\"@type\":\"WebSite\",\"@id\":\"https:\\\/\\\/www.danielstark.com\\\/#website\",\"url\":\"https:\\\/\\\/www.danielstark.com\\\/\",\"name\":\"Daniel Stark Injury Lawyers\",\"description\":\"\",\"publisher\":{\"@id\":\"https:\\\/\\\/www.danielstark.com\\\/#organization\"},\"potentialAction\":[{\"@type\":\"SearchAction\",\"target\":{\"@type\":\"EntryPoint\",\"urlTemplate\":\"https:\\\/\\\/www.danielstark.com\\\/?s={search_term_string}\"},\"query-input\":{\"@type\":\"PropertyValueSpecification\",\"valueRequired\":true,\"valueName\":\"search_term_string\"}}],\"inLanguage\":\"es\"},{\"@type\":\"Organization\",\"@id\":\"https:\\\/\\\/www.danielstark.com\\\/#organization\",\"name\":\"Daniel Stark Injury Lawyers\",\"url\":\"https:\\\/\\\/www.danielstark.com\\\/\",\"logo\":{\"@type\":\"ImageObject\",\"inLanguage\":\"es\",\"@id\":\"https:\\\/\\\/www.danielstark.com\\\/#\\\/schema\\\/logo\\\/image\\\/\",\"url\":\"https:\\\/\\\/www.danielstark.com\\\/wp-content\\\/uploads\\\/2023\\\/05\\\/blog-logo.png\",\"contentUrl\":\"https:\\\/\\\/www.danielstark.com\\\/wp-content\\\/uploads\\\/2023\\\/05\\\/blog-logo.png\",\"width\":78,\"height\":77,\"caption\":\"Daniel Stark Injury Lawyers\"},\"image\":{\"@id\":\"https:\\\/\\\/www.danielstark.com\\\/#\\\/schema\\\/logo\\\/image\\\/\"},\"sameAs\":[\"https:\\\/\\\/www.facebook.com\\\/DanielStarkLaw\",\"https:\\\/\\\/www.instagram.com\\\/danielstarklaw\\\/\",\"https:\\\/\\\/www.youtube.com\\\/Danielstarklaw\",\"https:\\\/\\\/www.linkedin.com\\\/company\\\/daniel-stark-injury-lawyers\"]}]}<\/script>\n<!-- \/ Yoast SEO Premium plugin. -->","yoast_head_json":{"title":"Personal Injury Lawyers in Bryan, TX | Daniel Stark Injury Lawyers","description":"Our College Station lawyers believe you deserve compensation for your injuries, and we work until you receive it.","robots":{"index":"index","follow":"follow","max-snippet":"max-snippet:-1","max-image-preview":"max-image-preview:large","max-video-preview":"max-video-preview:-1"},"canonical":"https:\/\/www.danielstark.com\/es\/bryan\/personal-injury-lawyers-in-bryan-college-station-texas\/","og_locale":"es_MX","og_type":"article","og_title":"Personal Injury Lawyers in Bryan\/College Station, Texas","og_description":"Our College Station lawyers believe you deserve compensation for your injuries, and we work until you receive it.","og_url":"https:\/\/www.danielstark.com\/es\/bryan\/personal-injury-lawyers-in-bryan-college-station-texas\/","og_site_name":"Daniel Stark Injury Lawyers","article_publisher":"https:\/\/www.facebook.com\/DanielStarkLaw","article_modified_time":"2025-04-16T20:05:53+00:00","og_image":[{"url":"https:\/\/www.danielstark.com\/wp-content\/uploads\/2023\/06\/OpenGraph-Image.jpg","type":"","width":"","height":""}],"twitter_card":"summary_large_image","twitter_image":"\/wp-content\/uploads\/2023\/06\/OpenGraph-Image.jpg","twitter_misc":{"Est. reading time":"2 minutos"},"schema":{"@context":"https:\/\/schema.org","@graph":[{"@type":"WebPage","@id":"https:\/\/www.danielstark.com\/bryan\/personal-injury-lawyers-in-bryan-college-station-texas\/","url":"https:\/\/www.danielstark.com\/bryan\/personal-injury-lawyers-in-bryan-college-station-texas\/","name":"Personal Injury Lawyers in Bryan, TX | Daniel Stark Injury Lawyers","isPartOf":{"@id":"https:\/\/www.danielstark.com\/#website"},"datePublished":"2023-05-23T02:08:02+00:00","dateModified":"2025-04-16T20:05:53+00:00","description":"Our College Station lawyers believe you deserve compensation for your injuries, and we work until you receive it.","breadcrumb":{"@id":"https:\/\/www.danielstark.com\/bryan\/personal-injury-lawyers-in-bryan-college-station-texas\/#breadcrumb"},"inLanguage":"es","potentialAction":[{"@type":"ReadAction","target":["https:\/\/www.danielstark.com\/bryan\/personal-injury-lawyers-in-bryan-college-station-texas\/"]}]},{"@type":"BreadcrumbList","@id":"https:\/\/www.danielstark.com\/bryan\/personal-injury-lawyers-in-bryan-college-station-texas\/#breadcrumb","itemListElement":[{"@type":"ListItem","position":1,"name":"Home","item":"https:\/\/www.danielstark.com\/"},{"@type":"ListItem","position":2,"name":"Bryan","item":"https:\/\/www.danielstark.com\/bryan\/"},{"@type":"ListItem","position":3,"name":"Personal Injury Lawyers in Bryan\/College Station, Texas"}]},{"@type":"WebSite","@id":"https:\/\/www.danielstark.com\/#website","url":"https:\/\/www.danielstark.com\/","name":"Abogados de lesiones personales de Daniel Stark","description":"","publisher":{"@id":"https:\/\/www.danielstark.com\/#organization"},"potentialAction":[{"@type":"SearchAction","target":{"@type":"EntryPoint","urlTemplate":"https:\/\/www.danielstark.com\/?s={search_term_string}"},"query-input":{"@type":"PropertyValueSpecification","valueRequired":true,"valueName":"search_term_string"}}],"inLanguage":"es"},{"@type":"Organization","@id":"https:\/\/www.danielstark.com\/#organization","name":"Abogados de lesiones personales de Daniel Stark","url":"https:\/\/www.danielstark.com\/","logo":{"@type":"ImageObject","inLanguage":"es","@id":"https:\/\/www.danielstark.com\/#\/schema\/logo\/image\/","url":"https:\/\/www.danielstark.com\/wp-content\/uploads\/2023\/05\/blog-logo.png","contentUrl":"https:\/\/www.danielstark.com\/wp-content\/uploads\/2023\/05\/blog-logo.png","width":78,"height":77,"caption":"Daniel Stark Injury Lawyers"},"image":{"@id":"https:\/\/www.danielstark.com\/#\/schema\/logo\/image\/"},"sameAs":["https:\/\/www.facebook.com\/DanielStarkLaw","https:\/\/www.instagram.com\/danielstarklaw\/","https:\/\/www.youtube.com\/Danielstarklaw","https:\/\/www.linkedin.com\/company\/daniel-stark-injury-lawyers"]}]}},"_links":{"self":[{"href":"https:\/\/www.danielstark.com\/es\/wp-json\/wp\/v2\/pages\/5757","targetHints":{"allow":["GET"]}}],"collection":[{"href":"https:\/\/www.danielstark.com\/es\/wp-json\/wp\/v2\/pages"}],"about":[{"href":"https:\/\/www.danielstark.com\/es\/wp-json\/wp\/v2\/types\/page"}],"author":[{"embeddable":true,"href":"https:\/\/www.danielstark.com\/es\/wp-json\/wp\/v2\/users\/1"}],"replies":[{"embeddable":true,"href":"https:\/\/www.danielstark.com\/es\/wp-json\/wp\/v2\/comments?post=5757"}],"version-history":[{"count":0,"href":"https:\/\/www.danielstark.com\/es\/wp-json\/wp\/v2\/pages\/5757\/revisions"}],"up":[{"embeddable":true,"href":"https:\/\/www.danielstark.com\/es\/wp-json\/wp\/v2\/pages\/5657"}],"wp:attachment":[{"href":"https:\/\/www.danielstark.com\/es\/wp-json\/wp\/v2\/media?parent=5757"}],"curies":[{"name":"wp","href":"https:\/\/api.w.org\/{rel}","templated":true}]}}