{"id":5761,"date":"2023-05-23T02:08:51","date_gmt":"2023-05-23T02:08:51","guid":{"rendered":"https:\/\/www.danielstark.com\/?post_type=location_practice&#038;p=5761"},"modified":"2025-04-21T13:12:40","modified_gmt":"2025-04-21T20:12:40","slug":"the-leading-bryan-texas-motorcycle-accident-attorney","status":"publish","type":"page","link":"https:\/\/www.danielstark.com\/es\/bryan\/the-leading-bryan-texas-motorcycle-accident-attorney\/","title":{"rendered":"El abogado l\u00edder en accidentes de motocicleta en Bryan, Texas"},"content":{"rendered":"<p>Cuando sufre una lesi\u00f3n en la carretera, los abogados especializados en accidentes de motocicleta de Daniel Stark Law luchan por su justicia.&nbsp;<\/p>\n\n\n\n<h2 class=\"wp-block-heading\"><strong>Nuestros abogados de lesiones personales de Bryan est\u00e1n de su lado<\/strong><\/h2>\n\n\n\n<p>Como motociclista, probablemente te hayan dicho la palabra &quot;imprudente&quot; alguna vez. Entendemos lo frustrante que es. La injusta reputaci\u00f3n de los motociclistas como imprudentes a menudo a\u00f1ade sal a la herida. Desafortunadamente, ese es el principal argumento que el conductor y su compa\u00f1\u00eda de seguros usar\u00e1n en tu contra, incluso si no fue tu culpa.<\/p>\n\n\n\n<p>De hecho, es probable que ya est\u00e9n reforzando su caso mientras usted lee esto.&nbsp;<\/p>\n\n\n\n<p>Est\u00e1n reuniendo documentos y revisando su historial de manejo, compilando declaraciones de testigos y buscando cualquier otra cosa que pueda ayudarlos a construir un caso ganable en su contra.<\/p>\n\n\n\n<p>Sin embargo, con el apoyo del equipo adecuado, puede cambiar la situaci\u00f3n. No espere m\u00e1s y contacte a un abogado con experiencia en accidentes de motocicleta en Bryan, TX. Al contactar con un abogado especializado en accidentes de motocicleta, haremos todo lo posible para brindarle la defensa que merece.<\/p>\n\n\n\n<p>Llame a nuestro bufete de abogados de Bryan para una consulta gratuita hoy.<\/p>\n\n\n\n<h2 class=\"wp-block-heading\"><strong>\u00bfRealmente necesito un abogado de accidentes de motocicleta?<\/strong><\/h2>\n\n\n\n<p>Podr\u00edas hacer un viaje \u00e9pico por varios estados en moto, pero probablemente no lo har\u00edas. \u00bfPor qu\u00e9? No es apta para el trabajo. El viaje ser\u00eda inc\u00f3modo, ir\u00edas mal preparado y el resultado podr\u00eda ser devastador.&nbsp;<\/p>\n\n\n\n<p>En pocas palabras: las herramientas adecuadas te preparan para el \u00e9xito. Contratar al abogado adecuado no es la excepci\u00f3n.&nbsp;<\/p>\n\n\n\n<p>Un abogado especializado en accidentes de motocicleta es su herramienta para afrontar el complejo proceso legal despu\u00e9s de un accidente. Para obtener los mejores resultados, debe trabajar con los mejores abogados especializados en accidentes de motocicleta.&nbsp;<\/p>\n\n\n\n<h2 class=\"wp-block-heading\"><strong>No luches solo<\/strong><\/h2>\n\n\n\n<p>Las compa\u00f1\u00edas de seguros son complicadas. Lidian con casos como el suyo a diario y son expertas en la ley de Texas. Si se enfrenta a ellas solo, sus posibilidades de \u00e9xito son escasas. Nuestros abogados tambi\u00e9n lidian con casos como el suyo a diario. Estamos preparados para enfrentar a las grandes aseguradoras y superarlas en su propio terreno.&nbsp;<\/p>\n\n\n\n<h2 class=\"wp-block-heading\"><strong>Determinaci\u00f3n de la responsabilidad&nbsp;<\/strong><\/h2>\n\n\n\n<p>Trabajamos con una variedad de casos, desde colisiones de autom\u00f3viles hasta fallas de fabricaci\u00f3n.&nbsp;<\/p>\n\n\n\n<h3 class=\"wp-block-heading\"><strong>Conductores<\/strong><\/h3>\n\n\n\n<p>Los conductores negligentes son la causa m\u00e1s com\u00fan de accidentes de motocicleta; si usted ha sido atropellado por un autom\u00f3vil, puede emprender acciones legales para recuperar los costos.&nbsp;<\/p>\n\n\n\n<h3 class=\"wp-block-heading\"><strong>Fabricantes<\/strong><\/h3>\n\n\n\n<p>Si su accidente ocurri\u00f3 debido a un fallo de fabricaci\u00f3n, puede presentar un reclamo contra el fabricante.&nbsp;<\/p>\n\n\n\n<h3 class=\"wp-block-heading\"><strong>Otras circunstancias<\/strong><\/h3>\n\n\n\n<p>Algunos accidentes no son tan sencillos. Podr\u00eda haber varias partes involucradas o circunstancias que no hemos mencionado anteriormente. No es necesario tenerlo todo resuelto. Ll\u00e1menos y le asesoraremos sobre los siguientes pasos.&nbsp;<\/p>\n\n\n\n<h2 class=\"wp-block-heading\"><strong>Los mejores abogados de College Station<\/strong><\/h2>\n\n\n\n<p>Nuestros abogados de accidentes de motocicleta han recuperado millones para sus clientes. Al contactarnos, nunca tendr\u00e1 que dudar de nuestra dedicaci\u00f3n a su caso ni de nuestra capacidad para ganar. Esa es la garant\u00eda de Daniel Stark Law.&nbsp;<\/p>\n\n\n\n<h2 class=\"wp-block-heading\"><strong>La justicia est\u00e1 a solo una llamada de distancia<\/strong><\/h2>\n\n\n\n<p>Cada d\u00eda que demore en contactarnos, disminuir\u00e1n sus posibilidades de obtener un acuerdo completo. Encamine su caso de accidente de motocicleta ahora. \u00a1Contacte con nuestros abogados hoy mismo!<\/p>","protected":false},"excerpt":{"rendered":"<p>When You\u2019re Injured on the Road, the Motorcycle Accident Lawyers at Daniel Stark Law Fight for Your Justice.&nbsp; Our Bryan Personal Injury Attorneys Are On Your Side As a motorcyclist, you\u2019ve probably had the word \u201creckless\u201d flung at you a time or two. We understand how frustrating this is. The unfair reputation of motorcyclists as [&hellip;]<\/p>\n","protected":false},"author":1,"featured_media":0,"parent":5657,"menu_order":0,"comment_status":"closed","ping_status":"closed","template":"","meta":{"_acf_changed":false,"_genesis_hide_title":false,"_genesis_hide_breadcrumbs":false,"_genesis_hide_singular_image":false,"_genesis_hide_footer_widgets":false,"_genesis_custom_body_class":"","_genesis_custom_post_class":"","_genesis_layout":"","footnotes":""},"class_list":{"0":"post-5761","1":"page","2":"type-page","3":"status-publish","5":"entry"},"acf":[],"yoast_head":"<!-- This site is optimized with the Yoast SEO Premium plugin v27.5 (Yoast SEO v27.5) - https:\/\/yoast.com\/product\/yoast-seo-premium-wordpress\/ -->\n<title>Leading Bryan Motorcycle Accident Attorney | Daniel Stark Injury Lawyers<\/title>\n<meta name=\"description\" content=\"When You\u2019re Injured on the Road, the Motorcycle Accident Lawyers, call our Bryan law firm for a free consultation today.\" \/>\n<meta name=\"robots\" content=\"index, follow, max-snippet:-1, max-image-preview:large, max-video-preview:-1\" \/>\n<link rel=\"canonical\" href=\"https:\/\/www.danielstark.com\/es\/bryan\/the-leading-bryan-texas-motorcycle-accident-attorney\/\" \/>\n<meta property=\"og:locale\" content=\"es_MX\" \/>\n<meta property=\"og:type\" content=\"article\" \/>\n<meta property=\"og:title\" content=\"The Leading Bryan, Texas Motorcycle Accident Attorney\" \/>\n<meta property=\"og:description\" content=\"When You\u2019re Injured on the Road, the Motorcycle Accident Lawyers, call our Bryan law firm for a free consultation today.\" \/>\n<meta property=\"og:url\" content=\"https:\/\/www.danielstark.com\/es\/bryan\/the-leading-bryan-texas-motorcycle-accident-attorney\/\" \/>\n<meta property=\"og:site_name\" content=\"Daniel Stark Injury Lawyers\" \/>\n<meta property=\"article:publisher\" content=\"https:\/\/www.facebook.com\/DanielStarkLaw\" \/>\n<meta property=\"article:modified_time\" content=\"2025-04-21T20:12:40+00:00\" \/>\n<meta property=\"og:image\" content=\"https:\/\/www.danielstark.com\/wp-content\/uploads\/2023\/06\/OpenGraph-Image.jpg\" \/>\n<meta name=\"twitter:card\" content=\"summary_large_image\" \/>\n<meta name=\"twitter:image\" content=\"\/wp-content\/uploads\/2023\/06\/OpenGraph-Image.jpg\" \/>\n<meta name=\"twitter:label1\" content=\"Est. reading time\" \/>\n\t<meta name=\"twitter:data1\" content=\"3 minutos\" \/>\n<script type=\"application\/ld+json\" class=\"yoast-schema-graph\">{\"@context\":\"https:\\\/\\\/schema.org\",\"@graph\":[{\"@type\":\"WebPage\",\"@id\":\"https:\\\/\\\/www.danielstark.com\\\/bryan\\\/the-leading-bryan-texas-motorcycle-accident-attorney\\\/\",\"url\":\"https:\\\/\\\/www.danielstark.com\\\/bryan\\\/the-leading-bryan-texas-motorcycle-accident-attorney\\\/\",\"name\":\"Leading Bryan Motorcycle Accident Attorney | Daniel Stark Injury Lawyers\",\"isPartOf\":{\"@id\":\"https:\\\/\\\/www.danielstark.com\\\/#website\"},\"datePublished\":\"2023-05-23T02:08:51+00:00\",\"dateModified\":\"2025-04-21T20:12:40+00:00\",\"description\":\"When You\u2019re Injured on the Road, the Motorcycle Accident Lawyers, call our Bryan law firm for a free consultation today.\",\"breadcrumb\":{\"@id\":\"https:\\\/\\\/www.danielstark.com\\\/bryan\\\/the-leading-bryan-texas-motorcycle-accident-attorney\\\/#breadcrumb\"},\"inLanguage\":\"es\",\"potentialAction\":[{\"@type\":\"ReadAction\",\"target\":[\"https:\\\/\\\/www.danielstark.com\\\/bryan\\\/the-leading-bryan-texas-motorcycle-accident-attorney\\\/\"]}]},{\"@type\":\"BreadcrumbList\",\"@id\":\"https:\\\/\\\/www.danielstark.com\\\/bryan\\\/the-leading-bryan-texas-motorcycle-accident-attorney\\\/#breadcrumb\",\"itemListElement\":[{\"@type\":\"ListItem\",\"position\":1,\"name\":\"Home\",\"item\":\"https:\\\/\\\/www.danielstark.com\\\/\"},{\"@type\":\"ListItem\",\"position\":2,\"name\":\"Bryan\",\"item\":\"https:\\\/\\\/www.danielstark.com\\\/bryan\\\/\"},{\"@type\":\"ListItem\",\"position\":3,\"name\":\"The Leading Bryan, Texas Motorcycle Accident Attorney\"}]},{\"@type\":\"WebSite\",\"@id\":\"https:\\\/\\\/www.danielstark.com\\\/#website\",\"url\":\"https:\\\/\\\/www.danielstark.com\\\/\",\"name\":\"Daniel Stark Injury Lawyers\",\"description\":\"\",\"publisher\":{\"@id\":\"https:\\\/\\\/www.danielstark.com\\\/#organization\"},\"potentialAction\":[{\"@type\":\"SearchAction\",\"target\":{\"@type\":\"EntryPoint\",\"urlTemplate\":\"https:\\\/\\\/www.danielstark.com\\\/?s={search_term_string}\"},\"query-input\":{\"@type\":\"PropertyValueSpecification\",\"valueRequired\":true,\"valueName\":\"search_term_string\"}}],\"inLanguage\":\"es\"},{\"@type\":\"Organization\",\"@id\":\"https:\\\/\\\/www.danielstark.com\\\/#organization\",\"name\":\"Daniel Stark Injury Lawyers\",\"url\":\"https:\\\/\\\/www.danielstark.com\\\/\",\"logo\":{\"@type\":\"ImageObject\",\"inLanguage\":\"es\",\"@id\":\"https:\\\/\\\/www.danielstark.com\\\/#\\\/schema\\\/logo\\\/image\\\/\",\"url\":\"https:\\\/\\\/www.danielstark.com\\\/wp-content\\\/uploads\\\/2023\\\/05\\\/blog-logo.png\",\"contentUrl\":\"https:\\\/\\\/www.danielstark.com\\\/wp-content\\\/uploads\\\/2023\\\/05\\\/blog-logo.png\",\"width\":78,\"height\":77,\"caption\":\"Daniel Stark Injury Lawyers\"},\"image\":{\"@id\":\"https:\\\/\\\/www.danielstark.com\\\/#\\\/schema\\\/logo\\\/image\\\/\"},\"sameAs\":[\"https:\\\/\\\/www.facebook.com\\\/DanielStarkLaw\",\"https:\\\/\\\/www.instagram.com\\\/danielstarklaw\\\/\",\"https:\\\/\\\/www.youtube.com\\\/Danielstarklaw\",\"https:\\\/\\\/www.linkedin.com\\\/company\\\/daniel-stark-injury-lawyers\"]}]}<\/script>\n<!-- \/ Yoast SEO Premium plugin. -->","yoast_head_json":{"title":"Leading Bryan Motorcycle Accident Attorney | Daniel Stark Injury Lawyers","description":"When You\u2019re Injured on the Road, the Motorcycle Accident Lawyers, call our Bryan law firm for a free consultation today.","robots":{"index":"index","follow":"follow","max-snippet":"max-snippet:-1","max-image-preview":"max-image-preview:large","max-video-preview":"max-video-preview:-1"},"canonical":"https:\/\/www.danielstark.com\/es\/bryan\/the-leading-bryan-texas-motorcycle-accident-attorney\/","og_locale":"es_MX","og_type":"article","og_title":"The Leading Bryan, Texas Motorcycle Accident Attorney","og_description":"When You\u2019re Injured on the Road, the Motorcycle Accident Lawyers, call our Bryan law firm for a free consultation today.","og_url":"https:\/\/www.danielstark.com\/es\/bryan\/the-leading-bryan-texas-motorcycle-accident-attorney\/","og_site_name":"Daniel Stark Injury Lawyers","article_publisher":"https:\/\/www.facebook.com\/DanielStarkLaw","article_modified_time":"2025-04-21T20:12:40+00:00","og_image":[{"url":"https:\/\/www.danielstark.com\/wp-content\/uploads\/2023\/06\/OpenGraph-Image.jpg","type":"","width":"","height":""}],"twitter_card":"summary_large_image","twitter_image":"\/wp-content\/uploads\/2023\/06\/OpenGraph-Image.jpg","twitter_misc":{"Est. reading time":"3 minutos"},"schema":{"@context":"https:\/\/schema.org","@graph":[{"@type":"WebPage","@id":"https:\/\/www.danielstark.com\/bryan\/the-leading-bryan-texas-motorcycle-accident-attorney\/","url":"https:\/\/www.danielstark.com\/bryan\/the-leading-bryan-texas-motorcycle-accident-attorney\/","name":"Leading Bryan Motorcycle Accident Attorney | Daniel Stark Injury Lawyers","isPartOf":{"@id":"https:\/\/www.danielstark.com\/#website"},"datePublished":"2023-05-23T02:08:51+00:00","dateModified":"2025-04-21T20:12:40+00:00","description":"When You\u2019re Injured on the Road, the Motorcycle Accident Lawyers, call our Bryan law firm for a free consultation today.","breadcrumb":{"@id":"https:\/\/www.danielstark.com\/bryan\/the-leading-bryan-texas-motorcycle-accident-attorney\/#breadcrumb"},"inLanguage":"es","potentialAction":[{"@type":"ReadAction","target":["https:\/\/www.danielstark.com\/bryan\/the-leading-bryan-texas-motorcycle-accident-attorney\/"]}]},{"@type":"BreadcrumbList","@id":"https:\/\/www.danielstark.com\/bryan\/the-leading-bryan-texas-motorcycle-accident-attorney\/#breadcrumb","itemListElement":[{"@type":"ListItem","position":1,"name":"Home","item":"https:\/\/www.danielstark.com\/"},{"@type":"ListItem","position":2,"name":"Bryan","item":"https:\/\/www.danielstark.com\/bryan\/"},{"@type":"ListItem","position":3,"name":"The Leading Bryan, Texas Motorcycle Accident Attorney"}]},{"@type":"WebSite","@id":"https:\/\/www.danielstark.com\/#website","url":"https:\/\/www.danielstark.com\/","name":"Abogados de lesiones personales de Daniel Stark","description":"","publisher":{"@id":"https:\/\/www.danielstark.com\/#organization"},"potentialAction":[{"@type":"SearchAction","target":{"@type":"EntryPoint","urlTemplate":"https:\/\/www.danielstark.com\/?s={search_term_string}"},"query-input":{"@type":"PropertyValueSpecification","valueRequired":true,"valueName":"search_term_string"}}],"inLanguage":"es"},{"@type":"Organization","@id":"https:\/\/www.danielstark.com\/#organization","name":"Abogados de lesiones personales de Daniel Stark","url":"https:\/\/www.danielstark.com\/","logo":{"@type":"ImageObject","inLanguage":"es","@id":"https:\/\/www.danielstark.com\/#\/schema\/logo\/image\/","url":"https:\/\/www.danielstark.com\/wp-content\/uploads\/2023\/05\/blog-logo.png","contentUrl":"https:\/\/www.danielstark.com\/wp-content\/uploads\/2023\/05\/blog-logo.png","width":78,"height":77,"caption":"Daniel Stark Injury Lawyers"},"image":{"@id":"https:\/\/www.danielstark.com\/#\/schema\/logo\/image\/"},"sameAs":["https:\/\/www.facebook.com\/DanielStarkLaw","https:\/\/www.instagram.com\/danielstarklaw\/","https:\/\/www.youtube.com\/Danielstarklaw","https:\/\/www.linkedin.com\/company\/daniel-stark-injury-lawyers"]}]}},"_links":{"self":[{"href":"https:\/\/www.danielstark.com\/es\/wp-json\/wp\/v2\/pages\/5761","targetHints":{"allow":["GET"]}}],"collection":[{"href":"https:\/\/www.danielstark.com\/es\/wp-json\/wp\/v2\/pages"}],"about":[{"href":"https:\/\/www.danielstark.com\/es\/wp-json\/wp\/v2\/types\/page"}],"author":[{"embeddable":true,"href":"https:\/\/www.danielstark.com\/es\/wp-json\/wp\/v2\/users\/1"}],"replies":[{"embeddable":true,"href":"https:\/\/www.danielstark.com\/es\/wp-json\/wp\/v2\/comments?post=5761"}],"version-history":[{"count":0,"href":"https:\/\/www.danielstark.com\/es\/wp-json\/wp\/v2\/pages\/5761\/revisions"}],"up":[{"embeddable":true,"href":"https:\/\/www.danielstark.com\/es\/wp-json\/wp\/v2\/pages\/5657"}],"wp:attachment":[{"href":"https:\/\/www.danielstark.com\/es\/wp-json\/wp\/v2\/media?parent=5761"}],"curies":[{"name":"wp","href":"https:\/\/api.w.org\/{rel}","templated":true}]}}