{"id":5778,"date":"2023-05-23T02:13:17","date_gmt":"2023-05-23T02:13:17","guid":{"rendered":"https:\/\/www.danielstark.com\/?post_type=location_practice&#038;p=5778"},"modified":"2025-04-21T11:00:26","modified_gmt":"2025-04-21T18:00:26","slug":"trusted-motorcycle-accident-attorneys-in-waco-texas","status":"publish","type":"page","link":"https:\/\/www.danielstark.com\/es\/waco\/trusted-motorcycle-accident-attorneys-in-waco-texas\/","title":{"rendered":"Abogados de confianza para accidentes de motocicleta en Waco, Texas"},"content":{"rendered":"<p>Si sufre una lesi\u00f3n en la carretera, nuestros abogados de Waco luchar\u00e1n por su justicia. \u00a1Agende una consulta ahora!<\/p>\n\n\n\n<h2 class=\"wp-block-heading\">Estamos de tu lado<\/h2>\n\n\n\n<p>Como motociclista, probablemente te hayan mencionado la palabra &quot;imprudente&quot;. La injusta reputaci\u00f3n de los motociclistas como imprudentes a\u00f1ade sal a la herida, especialmente despu\u00e9s de un accidente con consecuencias graves. Desafortunadamente, &quot;imprudente&quot; es tanto el adjetivo como el argumento que el conductor y su compa\u00f1\u00eda de seguros usar\u00e1n en tu contra, incluso si la colisi\u00f3n no fue tu culpa.<\/p>\n\n\n\n<p>De hecho, es probable que ya est\u00e9n reforzando su caso mientras usted lee esto.&nbsp;<\/p>\n\n\n\n<p>Las compa\u00f1\u00edas de seguros est\u00e1n recopilando documentaci\u00f3n, revisando tu historial de manejo, recopilando declaraciones de testigos y buscando cualquier cosa que te denigre y les ayude a construir un caso viable. Con su conocimiento de la ley de Texas, har\u00e1n todo lo posible por ganar, pero con el equipo adecuado de tu lado, puedes cambiar las tornas.&nbsp;<\/p>\n\n\n\n<p>No espere m\u00e1s para trabajar con nuestros abogados expertos en accidentes de motocicleta en Waco. Al contactar con el bufete de abogados Daniel Stark Law en Waco, haremos todo lo posible para brindarle la defensa que merece.<\/p>\n\n\n\n<h2 class=\"wp-block-heading\">\u00bfPor qu\u00e9 necesito un abogado de accidentes de motocicleta en Waco?&nbsp;<\/h2>\n\n\n\n<p>Un abogado con experiencia en Waco es su herramienta para afrontar el complejo proceso legal tras un accidente. Para obtener los mejores resultados, debe trabajar con los mejores abogados especializados en accidentes de motocicleta.&nbsp;<\/p>\n\n\n\n<p>Esto es lo que hacemos para ir m\u00e1s all\u00e1:&nbsp;<\/p>\n\n\n\n<h3 class=\"wp-block-heading\"><strong>Investigamos cada cent\u00edmetro&nbsp;<\/strong><\/h3>\n\n\n\n<p>No encontrar\u00e1 otro bufete de abogados en Waco tan dedicado a su justicia. Trabajamos incansablemente para recopilar documentos que respalden su caso. Obtendremos grabaciones de c\u00e1maras de seguridad, declaraciones de testigos, el historial de conducci\u00f3n del acusado y cualquier otra informaci\u00f3n que pueda respaldarlo.<\/p>\n\n\n\n<h3 class=\"wp-block-heading\"><strong>Te entendemos<\/strong><\/h3>\n\n\n\n<p>Para nosotros, no es solo un caso m\u00e1s. Entendemos lo frustrante y traum\u00e1tico que puede ser un accidente. Como motociclista, es m\u00e1s vulnerable que un conductor de autom\u00f3vil. Una colisi\u00f3n aparentemente peque\u00f1a puede causarle lesiones graves y da\u00f1ar su motocicleta. Estamos aqu\u00ed para ayudarle a recibir una compensaci\u00f3n por sus p\u00e9rdidas materiales e intangibles.&nbsp;<\/p>\n\n\n\n<h3 class=\"wp-block-heading\"><strong>Conocemos la ley de lesiones en motocicleta<\/strong><\/h3>\n\n\n\n<p>Contratar a un abogado especializado en accidentes de motocicleta puede ser una decisi\u00f3n dif\u00edcil. No querr\u00e1 perder el tiempo trabajando con abogados que no tienen ni idea de lo que hacen o que solo buscan su propio beneficio. Nuestro experimentado equipo de abogados especializados en accidentes lo representar\u00e1 de principio a fin.<\/p>\n\n\n\n<h2 class=\"wp-block-heading\">La justicia est\u00e1 a solo una llamada de distancia<\/h2>\n\n\n\n<p>Cada d\u00eda que se demore en contactarnos, disminuir\u00e1n sus posibilidades de obtener un acuerdo completo. Encamine su caso de accidente de motocicleta ahora. \u00a1Contacte hoy mismo con nuestros abogados de Waco!<\/p>","protected":false},"excerpt":{"rendered":"<p>When You\u2019re Injured on The Road, Our Waco Lawyers Fight For Your Justice. Schedule a Consultation Now! We\u2019re On Your Side As a motorcyclist, you\u2019ve probably had the word \u201creckless\u201d thrown in your direction. The unfair reputation of motorcyclists as reckless adds insult to injury, especially after a damaging accident. Unfortunately, \u201creckless\u201d is both the [&hellip;]<\/p>\n","protected":false},"author":1,"featured_media":0,"parent":5661,"menu_order":0,"comment_status":"closed","ping_status":"closed","template":"","meta":{"_acf_changed":false,"_genesis_hide_title":false,"_genesis_hide_breadcrumbs":false,"_genesis_hide_singular_image":false,"_genesis_hide_footer_widgets":false,"_genesis_custom_body_class":"","_genesis_custom_post_class":"","_genesis_layout":"","footnotes":""},"class_list":{"0":"post-5778","1":"page","2":"type-page","3":"status-publish","5":"entry"},"acf":[],"yoast_head":"<!-- This site is optimized with the Yoast SEO Premium plugin v27.5 (Yoast SEO v27.5) - https:\/\/yoast.com\/product\/yoast-seo-premium-wordpress\/ -->\n<title>Trusted Motorcycle Attorneys in Waco | Daniel Stark Injury Lawyers<\/title>\n<meta name=\"description\" content=\"Get expert legal help for motorcycle accident cases in Waco. Daniel Stark Law fights for injured riders to secure the compensation they deserve.\" \/>\n<meta name=\"robots\" content=\"index, follow, max-snippet:-1, max-image-preview:large, max-video-preview:-1\" \/>\n<link rel=\"canonical\" href=\"https:\/\/www.danielstark.com\/es\/waco\/trusted-motorcycle-accident-attorneys-in-waco-texas\/\" \/>\n<meta property=\"og:locale\" content=\"es_MX\" \/>\n<meta property=\"og:type\" content=\"article\" \/>\n<meta property=\"og:title\" content=\"Trusted Motorcycle Accident Attorneys in Waco, Texas\" \/>\n<meta property=\"og:description\" content=\"Get expert legal help for motorcycle accident cases in Waco. Daniel Stark Law fights for injured riders to secure the compensation they deserve.\" \/>\n<meta property=\"og:url\" content=\"https:\/\/www.danielstark.com\/es\/waco\/trusted-motorcycle-accident-attorneys-in-waco-texas\/\" \/>\n<meta property=\"og:site_name\" content=\"Daniel Stark Injury Lawyers\" \/>\n<meta property=\"article:publisher\" content=\"https:\/\/www.facebook.com\/DanielStarkLaw\" \/>\n<meta property=\"article:modified_time\" content=\"2025-04-21T18:00:26+00:00\" \/>\n<meta property=\"og:image\" content=\"https:\/\/www.danielstark.com\/wp-content\/uploads\/2023\/06\/OpenGraph-Image.jpg\" \/>\n<meta name=\"twitter:card\" content=\"summary_large_image\" \/>\n<meta name=\"twitter:image\" content=\"\/wp-content\/uploads\/2023\/06\/OpenGraph-Image.jpg\" \/>\n<meta name=\"twitter:label1\" content=\"Est. reading time\" \/>\n\t<meta name=\"twitter:data1\" content=\"2 minutos\" \/>\n<script type=\"application\/ld+json\" class=\"yoast-schema-graph\">{\"@context\":\"https:\\\/\\\/schema.org\",\"@graph\":[{\"@type\":\"WebPage\",\"@id\":\"https:\\\/\\\/www.danielstark.com\\\/waco\\\/trusted-motorcycle-accident-attorneys-in-waco-texas\\\/\",\"url\":\"https:\\\/\\\/www.danielstark.com\\\/waco\\\/trusted-motorcycle-accident-attorneys-in-waco-texas\\\/\",\"name\":\"Trusted Motorcycle Attorneys in Waco | Daniel Stark Injury Lawyers\",\"isPartOf\":{\"@id\":\"https:\\\/\\\/www.danielstark.com\\\/#website\"},\"datePublished\":\"2023-05-23T02:13:17+00:00\",\"dateModified\":\"2025-04-21T18:00:26+00:00\",\"description\":\"Get expert legal help for motorcycle accident cases in Waco. Daniel Stark Law fights for injured riders to secure the compensation they deserve.\",\"breadcrumb\":{\"@id\":\"https:\\\/\\\/www.danielstark.com\\\/waco\\\/trusted-motorcycle-accident-attorneys-in-waco-texas\\\/#breadcrumb\"},\"inLanguage\":\"es\",\"potentialAction\":[{\"@type\":\"ReadAction\",\"target\":[\"https:\\\/\\\/www.danielstark.com\\\/waco\\\/trusted-motorcycle-accident-attorneys-in-waco-texas\\\/\"]}]},{\"@type\":\"BreadcrumbList\",\"@id\":\"https:\\\/\\\/www.danielstark.com\\\/waco\\\/trusted-motorcycle-accident-attorneys-in-waco-texas\\\/#breadcrumb\",\"itemListElement\":[{\"@type\":\"ListItem\",\"position\":1,\"name\":\"Home\",\"item\":\"https:\\\/\\\/www.danielstark.com\\\/\"},{\"@type\":\"ListItem\",\"position\":2,\"name\":\"Waco\",\"item\":\"https:\\\/\\\/www.danielstark.com\\\/waco\\\/\"},{\"@type\":\"ListItem\",\"position\":3,\"name\":\"Trusted Motorcycle Accident Attorneys in Waco, Texas\"}]},{\"@type\":\"WebSite\",\"@id\":\"https:\\\/\\\/www.danielstark.com\\\/#website\",\"url\":\"https:\\\/\\\/www.danielstark.com\\\/\",\"name\":\"Daniel Stark Injury Lawyers\",\"description\":\"\",\"publisher\":{\"@id\":\"https:\\\/\\\/www.danielstark.com\\\/#organization\"},\"potentialAction\":[{\"@type\":\"SearchAction\",\"target\":{\"@type\":\"EntryPoint\",\"urlTemplate\":\"https:\\\/\\\/www.danielstark.com\\\/?s={search_term_string}\"},\"query-input\":{\"@type\":\"PropertyValueSpecification\",\"valueRequired\":true,\"valueName\":\"search_term_string\"}}],\"inLanguage\":\"es\"},{\"@type\":\"Organization\",\"@id\":\"https:\\\/\\\/www.danielstark.com\\\/#organization\",\"name\":\"Daniel Stark Injury Lawyers\",\"url\":\"https:\\\/\\\/www.danielstark.com\\\/\",\"logo\":{\"@type\":\"ImageObject\",\"inLanguage\":\"es\",\"@id\":\"https:\\\/\\\/www.danielstark.com\\\/#\\\/schema\\\/logo\\\/image\\\/\",\"url\":\"https:\\\/\\\/www.danielstark.com\\\/wp-content\\\/uploads\\\/2023\\\/05\\\/blog-logo.png\",\"contentUrl\":\"https:\\\/\\\/www.danielstark.com\\\/wp-content\\\/uploads\\\/2023\\\/05\\\/blog-logo.png\",\"width\":78,\"height\":77,\"caption\":\"Daniel Stark Injury Lawyers\"},\"image\":{\"@id\":\"https:\\\/\\\/www.danielstark.com\\\/#\\\/schema\\\/logo\\\/image\\\/\"},\"sameAs\":[\"https:\\\/\\\/www.facebook.com\\\/DanielStarkLaw\",\"https:\\\/\\\/www.instagram.com\\\/danielstarklaw\\\/\",\"https:\\\/\\\/www.youtube.com\\\/Danielstarklaw\",\"https:\\\/\\\/www.linkedin.com\\\/company\\\/daniel-stark-injury-lawyers\"]}]}<\/script>\n<!-- \/ Yoast SEO Premium plugin. -->","yoast_head_json":{"title":"Trusted Motorcycle Attorneys in Waco | Daniel Stark Injury Lawyers","description":"Get expert legal help for motorcycle accident cases in Waco. Daniel Stark Law fights for injured riders to secure the compensation they deserve.","robots":{"index":"index","follow":"follow","max-snippet":"max-snippet:-1","max-image-preview":"max-image-preview:large","max-video-preview":"max-video-preview:-1"},"canonical":"https:\/\/www.danielstark.com\/es\/waco\/trusted-motorcycle-accident-attorneys-in-waco-texas\/","og_locale":"es_MX","og_type":"article","og_title":"Trusted Motorcycle Accident Attorneys in Waco, Texas","og_description":"Get expert legal help for motorcycle accident cases in Waco. Daniel Stark Law fights for injured riders to secure the compensation they deserve.","og_url":"https:\/\/www.danielstark.com\/es\/waco\/trusted-motorcycle-accident-attorneys-in-waco-texas\/","og_site_name":"Daniel Stark Injury Lawyers","article_publisher":"https:\/\/www.facebook.com\/DanielStarkLaw","article_modified_time":"2025-04-21T18:00:26+00:00","og_image":[{"url":"https:\/\/www.danielstark.com\/wp-content\/uploads\/2023\/06\/OpenGraph-Image.jpg","type":"","width":"","height":""}],"twitter_card":"summary_large_image","twitter_image":"\/wp-content\/uploads\/2023\/06\/OpenGraph-Image.jpg","twitter_misc":{"Est. reading time":"2 minutos"},"schema":{"@context":"https:\/\/schema.org","@graph":[{"@type":"WebPage","@id":"https:\/\/www.danielstark.com\/waco\/trusted-motorcycle-accident-attorneys-in-waco-texas\/","url":"https:\/\/www.danielstark.com\/waco\/trusted-motorcycle-accident-attorneys-in-waco-texas\/","name":"Trusted Motorcycle Attorneys in Waco | Daniel Stark Injury Lawyers","isPartOf":{"@id":"https:\/\/www.danielstark.com\/#website"},"datePublished":"2023-05-23T02:13:17+00:00","dateModified":"2025-04-21T18:00:26+00:00","description":"Get expert legal help for motorcycle accident cases in Waco. Daniel Stark Law fights for injured riders to secure the compensation they deserve.","breadcrumb":{"@id":"https:\/\/www.danielstark.com\/waco\/trusted-motorcycle-accident-attorneys-in-waco-texas\/#breadcrumb"},"inLanguage":"es","potentialAction":[{"@type":"ReadAction","target":["https:\/\/www.danielstark.com\/waco\/trusted-motorcycle-accident-attorneys-in-waco-texas\/"]}]},{"@type":"BreadcrumbList","@id":"https:\/\/www.danielstark.com\/waco\/trusted-motorcycle-accident-attorneys-in-waco-texas\/#breadcrumb","itemListElement":[{"@type":"ListItem","position":1,"name":"Home","item":"https:\/\/www.danielstark.com\/"},{"@type":"ListItem","position":2,"name":"Waco","item":"https:\/\/www.danielstark.com\/waco\/"},{"@type":"ListItem","position":3,"name":"Trusted Motorcycle Accident Attorneys in Waco, Texas"}]},{"@type":"WebSite","@id":"https:\/\/www.danielstark.com\/#website","url":"https:\/\/www.danielstark.com\/","name":"Abogados de lesiones personales de Daniel Stark","description":"","publisher":{"@id":"https:\/\/www.danielstark.com\/#organization"},"potentialAction":[{"@type":"SearchAction","target":{"@type":"EntryPoint","urlTemplate":"https:\/\/www.danielstark.com\/?s={search_term_string}"},"query-input":{"@type":"PropertyValueSpecification","valueRequired":true,"valueName":"search_term_string"}}],"inLanguage":"es"},{"@type":"Organization","@id":"https:\/\/www.danielstark.com\/#organization","name":"Abogados de lesiones personales de Daniel Stark","url":"https:\/\/www.danielstark.com\/","logo":{"@type":"ImageObject","inLanguage":"es","@id":"https:\/\/www.danielstark.com\/#\/schema\/logo\/image\/","url":"https:\/\/www.danielstark.com\/wp-content\/uploads\/2023\/05\/blog-logo.png","contentUrl":"https:\/\/www.danielstark.com\/wp-content\/uploads\/2023\/05\/blog-logo.png","width":78,"height":77,"caption":"Daniel Stark Injury Lawyers"},"image":{"@id":"https:\/\/www.danielstark.com\/#\/schema\/logo\/image\/"},"sameAs":["https:\/\/www.facebook.com\/DanielStarkLaw","https:\/\/www.instagram.com\/danielstarklaw\/","https:\/\/www.youtube.com\/Danielstarklaw","https:\/\/www.linkedin.com\/company\/daniel-stark-injury-lawyers"]}]}},"_links":{"self":[{"href":"https:\/\/www.danielstark.com\/es\/wp-json\/wp\/v2\/pages\/5778","targetHints":{"allow":["GET"]}}],"collection":[{"href":"https:\/\/www.danielstark.com\/es\/wp-json\/wp\/v2\/pages"}],"about":[{"href":"https:\/\/www.danielstark.com\/es\/wp-json\/wp\/v2\/types\/page"}],"author":[{"embeddable":true,"href":"https:\/\/www.danielstark.com\/es\/wp-json\/wp\/v2\/users\/1"}],"replies":[{"embeddable":true,"href":"https:\/\/www.danielstark.com\/es\/wp-json\/wp\/v2\/comments?post=5778"}],"version-history":[{"count":0,"href":"https:\/\/www.danielstark.com\/es\/wp-json\/wp\/v2\/pages\/5778\/revisions"}],"up":[{"embeddable":true,"href":"https:\/\/www.danielstark.com\/es\/wp-json\/wp\/v2\/pages\/5661"}],"wp:attachment":[{"href":"https:\/\/www.danielstark.com\/es\/wp-json\/wp\/v2\/media?parent=5778"}],"curies":[{"name":"wp","href":"https:\/\/api.w.org\/{rel}","templated":true}]}}